{"id":14,"date":"2021-12-04T09:44:56","date_gmt":"2021-12-04T09:44:56","guid":{"rendered":"https:\/\/xstore.8theme.com\/elementor\/demos\/minimal-fashion03\/?page_id=14"},"modified":"2026-03-03T12:38:45","modified_gmt":"2026-03-03T12:38:45","slug":"pocetna","status":"publish","type":"page","link":"https:\/\/floem.rs\/en\/","title":{"rendered":"Home"},"content":{"rendered":"<div data-elementor-type=\"wp-page\" data-elementor-id=\"14\" class=\"elementor elementor-14\" data-elementor-post-type=\"page\">\n\t\t\t\t\t\t<section class=\"elementor-section elementor-top-section elementor-element elementor-element-0e65a44 elementor-section-height-min-height elementor-section-content-middle elementor-section-full_width elementor-section-items-bottom elementor-section-stretched elementor-section-height-default\" data-id=\"0e65a44\" data-element_type=\"section\" data-settings=\"{&quot;background_background&quot;:&quot;video&quot;,&quot;stretch_section&quot;:&quot;section-stretched&quot;,&quot;background_play_on_mobile&quot;:&quot;yes&quot;,&quot;background_video_link&quot;:&quot;https:\\\/\\\/floem.rs\\\/wp-content\\\/uploads\\\/2026\\\/03\\\/FP01-1-online-video-cutter.com-1-1.mp4&quot;}\">\n\t\t\t\t\t\t\t\t<div class=\"elementor-background-video-container\" aria-hidden=\"true\">\n\t\t\t\t\t\t\t\t\t\t\t\t\t<video class=\"elementor-background-video-hosted\" autoplay muted playsinline loop><\/video>\n\t\t\t\t\t\t\t\t\t\t\t<\/div>\n\t\t\t\t\t\t\t\t\t<div class=\"elementor-background-overlay\"><\/div>\n\t\t\t\t\t\t\t<div class=\"elementor-container elementor-column-gap-default\">\n\t\t\t\t\t<div class=\"elementor-column elementor-col-100 elementor-top-column elementor-element elementor-element-9adba79\" data-id=\"9adba79\" data-element_type=\"column\">\n\t\t\t<div class=\"elementor-widget-wrap elementor-element-populated\">\n\t\t\t\t\t\t<div class=\"elementor-element elementor-element-10559ed elementor-align-center elementor-laptop-align-center elementor-widget-laptop__width-initial elementor-widget-mobile__width-initial elementor-widget elementor-widget-button\" data-id=\"10559ed\" data-element_type=\"widget\" data-widget_type=\"button.default\">\n\t\t\t\t<div class=\"elementor-widget-container\">\n\t\t\t\t\t\t\t\t\t<div class=\"elementor-button-wrapper\">\n\t\t\t\t\t<a class=\"elementor-button elementor-button-link elementor-size-sm\" href=\"https:\/\/floem.rs\/en\/proizvodi\/\">\n\t\t\t\t\t\t<span class=\"elementor-button-content-wrapper\">\n\t\t\t\t\t\t\t\t\t<span class=\"elementor-button-text\">Explore our offers<\/span>\n\t\t\t\t\t<\/span>\n\t\t\t\t\t<\/a>\n\t\t\t\t<\/div>\n\t\t\t\t\t\t\t\t<\/div>\n\t\t\t\t<\/div>\n\t\t\t\t\t<\/div>\n\t\t<\/div>\n\t\t\t\t\t<\/div>\n\t\t<\/section>\n\t\t\t\t<section class=\"elementor-section elementor-top-section elementor-element elementor-element-9f7b3c7 elementor-section-full_width elementor-section-height-default elementor-section-height-default\" data-id=\"9f7b3c7\" data-element_type=\"section\">\n\t\t\t\t\t\t<div class=\"elementor-container elementor-column-gap-wide\">\n\t\t\t\t\t<div class=\"elementor-column elementor-col-50 elementor-top-column elementor-element elementor-element-84a4006\" data-id=\"84a4006\" data-element_type=\"column\">\n\t\t\t<div class=\"elementor-widget-wrap elementor-element-populated\">\n\t\t\t\t\t\t<div class=\"elementor-element elementor-element-15f4cab elementor-position-top elementor-widget elementor-widget-image-box\" data-id=\"15f4cab\" data-element_type=\"widget\" data-widget_type=\"image-box.default\">\n\t\t\t\t<div class=\"elementor-widget-container\">\n\t\t\t\t\t<div class=\"elementor-image-box-wrapper\"><figure class=\"elementor-image-box-img\"><a href=\"https:\/\/floem.rs\/en\/prodavnica\/stolovi\/val-trpezarijski-sto-ovalni\/\" tabindex=\"-1\"><img loading=\"lazy\" decoding=\"async\" width=\"1600\" height=\"1067\" src=\"https:\/\/floem.rs\/wp-content\/uploads\/2023\/05\/floem-pocetna-val.webp\" class=\"attachment-full size-full wp-image-3417\" alt=\"Floem pocetna val\" srcset=\"https:\/\/floem.rs\/wp-content\/uploads\/2023\/05\/floem-pocetna-val.webp 1600w, https:\/\/floem.rs\/wp-content\/uploads\/2023\/05\/floem-pocetna-val-300x200.webp 300w, https:\/\/floem.rs\/wp-content\/uploads\/2023\/05\/floem-pocetna-val-1024x683.webp 1024w, https:\/\/floem.rs\/wp-content\/uploads\/2023\/05\/floem-pocetna-val-768x512.webp 768w, https:\/\/floem.rs\/wp-content\/uploads\/2023\/05\/floem-pocetna-val-1536x1024.webp 1536w, https:\/\/floem.rs\/wp-content\/uploads\/2023\/05\/floem-pocetna-val-18x12.webp 18w, https:\/\/floem.rs\/wp-content\/uploads\/2023\/05\/floem-pocetna-val-400x267.webp 400w, https:\/\/floem.rs\/wp-content\/uploads\/2023\/05\/floem-pocetna-val-1000x667.webp 1000w, https:\/\/floem.rs\/wp-content\/uploads\/2023\/05\/floem-pocetna-val-6x4.webp 6w, https:\/\/floem.rs\/wp-content\/uploads\/2023\/05\/floem-pocetna-val-10x7.webp 10w\" sizes=\"auto, (max-width: 1600px) 100vw, 1600px\" \/><\/a><\/figure><div class=\"elementor-image-box-content\"><h3 class=\"elementor-image-box-title\"><a href=\"https:\/\/floem.rs\/en\/prodavnica\/stolovi\/val-trpezarijski-sto-ovalni\/\">Val Oval Dining Table<\/a><\/h3><p class=\"elementor-image-box-description\">We have combined innovation, unique design, and creativity to make beautiful pieces of furniture in the new Val collection. Our newest product from this line is a dining table, a masterpiece in the world of furniture design.\n\n<\/p><\/div><\/div>\t\t\t\t<\/div>\n\t\t\t\t<\/div>\n\t\t\t\t\t<\/div>\n\t\t<\/div>\n\t\t\t\t<div class=\"elementor-column elementor-col-50 elementor-top-column elementor-element elementor-element-3f44f80\" data-id=\"3f44f80\" data-element_type=\"column\">\n\t\t\t<div class=\"elementor-widget-wrap elementor-element-populated\">\n\t\t\t\t\t\t<div class=\"elementor-element elementor-element-89c20c9 elementor-position-top elementor-widget elementor-widget-image-box\" data-id=\"89c20c9\" data-element_type=\"widget\" data-widget_type=\"image-box.default\">\n\t\t\t\t<div class=\"elementor-widget-container\">\n\t\t\t\t\t<div class=\"elementor-image-box-wrapper\"><figure class=\"elementor-image-box-img\"><a href=\"https:\/\/floem.rs\/en\/prodavnica\/fotelje-za-odmor\/flow-m-fotelja\/\" tabindex=\"-1\"><img loading=\"lazy\" decoding=\"async\" width=\"1057\" height=\"712\" src=\"https:\/\/floem.rs\/wp-content\/uploads\/2023\/05\/floem-pocetna-lagom-e1685057175563.webp\" class=\"attachment-full size-full wp-image-3418\" alt=\"Floem pocetna lagom\" srcset=\"https:\/\/floem.rs\/wp-content\/uploads\/2023\/05\/floem-pocetna-lagom-e1685057175563.webp 1057w, https:\/\/floem.rs\/wp-content\/uploads\/2023\/05\/floem-pocetna-lagom-e1685057175563-300x202.webp 300w, https:\/\/floem.rs\/wp-content\/uploads\/2023\/05\/floem-pocetna-lagom-e1685057175563-1024x690.webp 1024w, https:\/\/floem.rs\/wp-content\/uploads\/2023\/05\/floem-pocetna-lagom-e1685057175563-768x517.webp 768w, https:\/\/floem.rs\/wp-content\/uploads\/2023\/05\/floem-pocetna-lagom-e1685057175563-18x12.webp 18w, https:\/\/floem.rs\/wp-content\/uploads\/2023\/05\/floem-pocetna-lagom-e1685057175563-1000x674.webp 1000w, https:\/\/floem.rs\/wp-content\/uploads\/2023\/05\/floem-pocetna-lagom-e1685057175563-6x4.webp 6w, https:\/\/floem.rs\/wp-content\/uploads\/2023\/05\/floem-pocetna-lagom-e1685057175563-10x7.webp 10w\" sizes=\"auto, (max-width: 1057px) 100vw, 1057px\" \/><\/a><\/figure><div class=\"elementor-image-box-content\"><h3 class=\"elementor-image-box-title\"><a href=\"https:\/\/floem.rs\/en\/prodavnica\/fotelje-za-odmor\/flow-m-fotelja\/\">Flow-m Armchair<\/a><\/h3><p class=\"elementor-image-box-description\">Flow-m lounge chair and ottoman are a perfect blend of modern technology and mid-century Scandinavian minimalism. The sophisticated design and top-notch quality of this piece of furniture will appeal even to the finest of tastes.<\/p><\/div><\/div>\t\t\t\t<\/div>\n\t\t\t\t<\/div>\n\t\t\t\t\t<\/div>\n\t\t<\/div>\n\t\t\t\t\t<\/div>\n\t\t<\/section>\n\t\t\t\t<section class=\"elementor-section elementor-top-section elementor-element elementor-element-5e14a72 elementor-section-full_width elementor-section-height-default elementor-section-height-default\" data-id=\"5e14a72\" data-element_type=\"section\">\n\t\t\t\t\t\t<div class=\"elementor-container elementor-column-gap-wide\">\n\t\t\t\t\t<div class=\"elementor-column elementor-col-50 elementor-top-column elementor-element elementor-element-08aee4e\" data-id=\"08aee4e\" data-element_type=\"column\">\n\t\t\t<div class=\"elementor-widget-wrap elementor-element-populated\">\n\t\t\t\t\t\t<div class=\"elementor-element elementor-element-5a778d0 elementor-widget elementor-widget-image\" data-id=\"5a778d0\" data-element_type=\"widget\" data-widget_type=\"image.default\">\n\t\t\t\t<div class=\"elementor-widget-container\">\n\t\t\t\t\t\t\t\t\t\t\t\t\t\t\t\t<a href=\"https:\/\/floem.rs\/en\/prodavnica\/stolovi\/amalgamate-trpezarijski-sto-kruzni\/\">\n\t\t\t\t\t\t\t<img loading=\"lazy\" decoding=\"async\" width=\"1600\" height=\"1067\" src=\"https:\/\/floem.rs\/wp-content\/uploads\/2023\/05\/krzni-sto-floem.webp\" class=\"attachment-full size-full wp-image-3406\" alt=\"Krzni sto floem\" srcset=\"https:\/\/floem.rs\/wp-content\/uploads\/2023\/05\/krzni-sto-floem.webp 1600w, https:\/\/floem.rs\/wp-content\/uploads\/2023\/05\/krzni-sto-floem-300x200.webp 300w, https:\/\/floem.rs\/wp-content\/uploads\/2023\/05\/krzni-sto-floem-1024x683.webp 1024w, https:\/\/floem.rs\/wp-content\/uploads\/2023\/05\/krzni-sto-floem-768x512.webp 768w, https:\/\/floem.rs\/wp-content\/uploads\/2023\/05\/krzni-sto-floem-1536x1024.webp 1536w, https:\/\/floem.rs\/wp-content\/uploads\/2023\/05\/krzni-sto-floem-18x12.webp 18w, https:\/\/floem.rs\/wp-content\/uploads\/2023\/05\/krzni-sto-floem-400x267.webp 400w, https:\/\/floem.rs\/wp-content\/uploads\/2023\/05\/krzni-sto-floem-1000x667.webp 1000w, https:\/\/floem.rs\/wp-content\/uploads\/2023\/05\/krzni-sto-floem-6x4.webp 6w, https:\/\/floem.rs\/wp-content\/uploads\/2023\/05\/krzni-sto-floem-10x7.webp 10w\" sizes=\"auto, (max-width: 1600px) 100vw, 1600px\" \/>\t\t\t\t\t\t\t\t<\/a>\n\t\t\t\t\t\t\t\t\t\t\t\t\t\t\t<\/div>\n\t\t\t\t<\/div>\n\t\t\t\t\t<\/div>\n\t\t<\/div>\n\t\t\t\t<div class=\"elementor-column elementor-col-50 elementor-top-column elementor-element elementor-element-fbb0aa2\" data-id=\"fbb0aa2\" data-element_type=\"column\">\n\t\t\t<div class=\"elementor-widget-wrap elementor-element-populated\">\n\t\t\t\t\t\t<div class=\"elementor-element elementor-element-588d32d elementor-hidden-tablet elementor-hidden-mobile elementor-widget elementor-widget-spacer\" data-id=\"588d32d\" data-element_type=\"widget\" data-widget_type=\"spacer.default\">\n\t\t\t\t<div class=\"elementor-widget-container\">\n\t\t\t\t\t\t\t<div class=\"elementor-spacer\">\n\t\t\t<div class=\"elementor-spacer-inner\"><\/div>\n\t\t<\/div>\n\t\t\t\t\t\t<\/div>\n\t\t\t\t<\/div>\n\t\t\t\t<div class=\"elementor-element elementor-element-2d9da11 elementor-align-left elementor-mobile-align-center elementor-widget elementor-widget-etheme_advanced_headline\" data-id=\"2d9da11\" data-element_type=\"widget\" data-widget_type=\"etheme_advanced_headline.default\">\n\t\t\t\t<div class=\"elementor-widget-container\">\n\t\t\t\t\t        \n        <div class=\"etheme-a-h-wrapper\">\n        \n            \n\t\t\t\n        <h2 class=\"etheme-advanced-headline etheme-advanced-headline-mask\">\n\n            Amalgamate Dining Table Round\n        <\/h2>\n\t\t\n                            <p class=\"etheme-a-h-text-after\">\n                    Nothing brings us together like a shared meal. With our Amalgamate dining table, you\u2019ll be able to carve out a comfy dining nook for up to five people in even the smallest of spaces.\n\n                <\/p>\n                    \n        <\/div>\n        \n\t\t\t\t\t\t<\/div>\n\t\t\t\t<\/div>\n\t\t\t\t<div class=\"elementor-element elementor-element-bf6a7d9 elementor-hidden-tablet elementor-hidden-mobile elementor-widget elementor-widget-spacer\" data-id=\"bf6a7d9\" data-element_type=\"widget\" data-widget_type=\"spacer.default\">\n\t\t\t\t<div class=\"elementor-widget-container\">\n\t\t\t\t\t\t\t<div class=\"elementor-spacer\">\n\t\t\t<div class=\"elementor-spacer-inner\"><\/div>\n\t\t<\/div>\n\t\t\t\t\t\t<\/div>\n\t\t\t\t<\/div>\n\t\t\t\t\t<\/div>\n\t\t<\/div>\n\t\t\t\t\t<\/div>\n\t\t<\/section>\n\t\t\t\t<section class=\"elementor-section elementor-top-section elementor-element elementor-element-9294fb8 elementor-section-full_width elementor-section-stretched elementor-section-height-default elementor-section-height-default\" data-id=\"9294fb8\" data-element_type=\"section\" data-settings=\"{&quot;stretch_section&quot;:&quot;section-stretched&quot;}\">\n\t\t\t\t\t\t<div class=\"elementor-container elementor-column-gap-wide\">\n\t\t\t\t\t<div class=\"elementor-column elementor-col-100 elementor-top-column elementor-element elementor-element-e28d3e4\" data-id=\"e28d3e4\" data-element_type=\"column\">\n\t\t\t<div class=\"elementor-widget-wrap elementor-element-populated\">\n\t\t\t\t\t\t<div class=\"elementor-element elementor-element-c8dc41e elementor-hidden-tablet elementor-hidden-mobile elementor-widget elementor-widget-spacer\" data-id=\"c8dc41e\" data-element_type=\"widget\" data-widget_type=\"spacer.default\">\n\t\t\t\t<div class=\"elementor-widget-container\">\n\t\t\t\t\t\t\t<div class=\"elementor-spacer\">\n\t\t\t<div class=\"elementor-spacer-inner\"><\/div>\n\t\t<\/div>\n\t\t\t\t\t\t<\/div>\n\t\t\t\t<\/div>\n\t\t\t\t\t<\/div>\n\t\t<\/div>\n\t\t\t\t\t<\/div>\n\t\t<\/section>\n\t\t\t\t<section class=\"elementor-section elementor-top-section elementor-element elementor-element-783aa67 elementor-section-full_width elementor-section-stretched elementor-section-height-default elementor-section-height-default\" data-id=\"783aa67\" data-element_type=\"section\" data-settings=\"{&quot;stretch_section&quot;:&quot;section-stretched&quot;}\">\n\t\t\t\t\t\t<div class=\"elementor-container elementor-column-gap-wide\">\n\t\t\t\t\t<div class=\"elementor-column elementor-col-33 elementor-top-column elementor-element elementor-element-e5275a5\" data-id=\"e5275a5\" data-element_type=\"column\">\n\t\t\t<div class=\"elementor-widget-wrap elementor-element-populated\">\n\t\t\t\t\t\t<div class=\"elementor-element elementor-element-ea28f43 elementor-position-top elementor-widget elementor-widget-image-box\" data-id=\"ea28f43\" data-element_type=\"widget\" data-widget_type=\"image-box.default\">\n\t\t\t\t<div class=\"elementor-widget-container\">\n\t\t\t\t\t<div class=\"elementor-image-box-wrapper\"><figure class=\"elementor-image-box-img\"><a href=\"https:\/\/floem.rs\/en\/kategorija-prozvoda\/komode\/\" tabindex=\"-1\"><img loading=\"lazy\" decoding=\"async\" width=\"1600\" height=\"1067\" src=\"https:\/\/floem.rs\/wp-content\/uploads\/2023\/05\/thina-komoda-hrast.webp\" class=\"attachment-full size-full wp-image-2230\" alt=\"Thina komoda hrast\" srcset=\"https:\/\/floem.rs\/wp-content\/uploads\/2023\/05\/thina-komoda-hrast.webp 1600w, https:\/\/floem.rs\/wp-content\/uploads\/2023\/05\/thina-komoda-hrast-300x200.webp 300w, https:\/\/floem.rs\/wp-content\/uploads\/2023\/05\/thina-komoda-hrast-1024x683.webp 1024w, https:\/\/floem.rs\/wp-content\/uploads\/2023\/05\/thina-komoda-hrast-768x512.webp 768w, https:\/\/floem.rs\/wp-content\/uploads\/2023\/05\/thina-komoda-hrast-1536x1024.webp 1536w, https:\/\/floem.rs\/wp-content\/uploads\/2023\/05\/thina-komoda-hrast-400x267.webp 400w, https:\/\/floem.rs\/wp-content\/uploads\/2023\/05\/thina-komoda-hrast-1000x667.webp 1000w, https:\/\/floem.rs\/wp-content\/uploads\/2023\/05\/thina-komoda-hrast-6x4.webp 6w, https:\/\/floem.rs\/wp-content\/uploads\/2023\/05\/thina-komoda-hrast-10x7.webp 10w\" sizes=\"auto, (max-width: 1600px) 100vw, 1600px\" \/><\/a><\/figure><div class=\"elementor-image-box-content\"><h3 class=\"elementor-image-box-title\"><a href=\"https:\/\/floem.rs\/en\/kategorija-prozvoda\/komode\/\">Storage cabinets<\/a><\/h3><\/div><\/div>\t\t\t\t<\/div>\n\t\t\t\t<\/div>\n\t\t\t\t\t<\/div>\n\t\t<\/div>\n\t\t\t\t<div class=\"elementor-column elementor-col-33 elementor-top-column elementor-element elementor-element-980eaea\" data-id=\"980eaea\" data-element_type=\"column\">\n\t\t\t<div class=\"elementor-widget-wrap elementor-element-populated\">\n\t\t\t\t\t\t<div class=\"elementor-element elementor-element-5fa0cfb elementor-position-top elementor-widget elementor-widget-image-box\" data-id=\"5fa0cfb\" data-element_type=\"widget\" data-widget_type=\"image-box.default\">\n\t\t\t\t<div class=\"elementor-widget-container\">\n\t\t\t\t\t<div class=\"elementor-image-box-wrapper\"><figure class=\"elementor-image-box-img\"><a href=\"https:\/\/floem.rs\/en\/kategorija-prozvoda\/fotelje-za-odmor\/\" tabindex=\"-1\"><img loading=\"lazy\" decoding=\"async\" width=\"1368\" height=\"912\" src=\"https:\/\/floem.rs\/wp-content\/uploads\/2023\/05\/floem-pocetna-namesta-za-sedenje.webp\" class=\"attachment-full size-full wp-image-3419\" alt=\"Floem pocetna namesta za sedenje\" srcset=\"https:\/\/floem.rs\/wp-content\/uploads\/2023\/05\/floem-pocetna-namesta-za-sedenje.webp 1368w, https:\/\/floem.rs\/wp-content\/uploads\/2023\/05\/floem-pocetna-namesta-za-sedenje-300x200.webp 300w, https:\/\/floem.rs\/wp-content\/uploads\/2023\/05\/floem-pocetna-namesta-za-sedenje-1024x683.webp 1024w, https:\/\/floem.rs\/wp-content\/uploads\/2023\/05\/floem-pocetna-namesta-za-sedenje-768x512.webp 768w, https:\/\/floem.rs\/wp-content\/uploads\/2023\/05\/floem-pocetna-namesta-za-sedenje-18x12.webp 18w, https:\/\/floem.rs\/wp-content\/uploads\/2023\/05\/floem-pocetna-namesta-za-sedenje-400x267.webp 400w, https:\/\/floem.rs\/wp-content\/uploads\/2023\/05\/floem-pocetna-namesta-za-sedenje-1000x667.webp 1000w, https:\/\/floem.rs\/wp-content\/uploads\/2023\/05\/floem-pocetna-namesta-za-sedenje-6x4.webp 6w, https:\/\/floem.rs\/wp-content\/uploads\/2023\/05\/floem-pocetna-namesta-za-sedenje-10x7.webp 10w\" sizes=\"auto, (max-width: 1368px) 100vw, 1368px\" \/><\/a><\/figure><div class=\"elementor-image-box-content\"><h3 class=\"elementor-image-box-title\"><a href=\"https:\/\/floem.rs\/en\/kategorija-prozvoda\/fotelje-za-odmor\/\">Armchairs for rest<\/a><\/h3><\/div><\/div>\t\t\t\t<\/div>\n\t\t\t\t<\/div>\n\t\t\t\t\t<\/div>\n\t\t<\/div>\n\t\t\t\t<div class=\"elementor-column elementor-col-33 elementor-top-column elementor-element elementor-element-0d5ea87\" data-id=\"0d5ea87\" data-element_type=\"column\">\n\t\t\t<div class=\"elementor-widget-wrap elementor-element-populated\">\n\t\t\t\t\t\t<div class=\"elementor-element elementor-element-6d01f5b elementor-position-top elementor-widget elementor-widget-image-box\" data-id=\"6d01f5b\" data-element_type=\"widget\" data-widget_type=\"image-box.default\">\n\t\t\t\t<div class=\"elementor-widget-container\">\n\t\t\t\t\t<div class=\"elementor-image-box-wrapper\"><figure class=\"elementor-image-box-img\"><a href=\"https:\/\/floem.rs\/en\/kategorija-prozvoda\/stolovi\/\" tabindex=\"-1\"><img loading=\"lazy\" decoding=\"async\" width=\"1600\" height=\"1067\" src=\"https:\/\/floem.rs\/wp-content\/uploads\/2023\/05\/thina-trpezarijski-set-02.webp\" class=\"attachment-full size-full wp-image-2227\" alt=\"Thina trpezarijski set\" srcset=\"https:\/\/floem.rs\/wp-content\/uploads\/2023\/05\/thina-trpezarijski-set-02.webp 1600w, https:\/\/floem.rs\/wp-content\/uploads\/2023\/05\/thina-trpezarijski-set-02-300x200.webp 300w, https:\/\/floem.rs\/wp-content\/uploads\/2023\/05\/thina-trpezarijski-set-02-1024x683.webp 1024w, https:\/\/floem.rs\/wp-content\/uploads\/2023\/05\/thina-trpezarijski-set-02-768x512.webp 768w, https:\/\/floem.rs\/wp-content\/uploads\/2023\/05\/thina-trpezarijski-set-02-1536x1024.webp 1536w, https:\/\/floem.rs\/wp-content\/uploads\/2023\/05\/thina-trpezarijski-set-02-400x267.webp 400w, https:\/\/floem.rs\/wp-content\/uploads\/2023\/05\/thina-trpezarijski-set-02-1000x667.webp 1000w, https:\/\/floem.rs\/wp-content\/uploads\/2023\/05\/thina-trpezarijski-set-02-6x4.webp 6w, https:\/\/floem.rs\/wp-content\/uploads\/2023\/05\/thina-trpezarijski-set-02-10x7.webp 10w\" sizes=\"auto, (max-width: 1600px) 100vw, 1600px\" \/><\/a><\/figure><div class=\"elementor-image-box-content\"><h3 class=\"elementor-image-box-title\"><a href=\"https:\/\/floem.rs\/en\/kategorija-prozvoda\/stolovi\/\">Dining tables, club tables and desks<\/a><\/h3><\/div><\/div>\t\t\t\t<\/div>\n\t\t\t\t<\/div>\n\t\t\t\t\t<\/div>\n\t\t<\/div>\n\t\t\t\t\t<\/div>\n\t\t<\/section>\n\t\t\t\t<\/div>","protected":false},"excerpt":{"rendered":"<p>Pogledajte ponudu Trpezarijski sto Val Kombinacijom inovacije, jedinstvenog dizajna i kreativnosti, stvorili smo prelepe komade name\u0161taja iz nove Val kolekcije. Na\u0161 najnoviji proizvod iz ove&#8230;<\/p>","protected":false},"author":1,"featured_media":0,"parent":0,"menu_order":0,"comment_status":"closed","ping_status":"closed","template":"elementor_header_footer","meta":{"slim_seo":{"title":"Name\u0161taj od punog drveta | Drveni name\u0161taj | Floem","description":"Name\u0161taj od punog drveta doma\u0107e proizvodnje inspirisan skandinavskim dizajnom. Floem - brend koji srpskom tr\u017ei\u0161tu nudi upravo ono \u0161to mu nedostaje."},"footnotes":""},"class_list":["post-14","page","type-page","status-publish","hentry"],"_links":{"self":[{"href":"https:\/\/floem.rs\/en\/wp-json\/wp\/v2\/pages\/14","targetHints":{"allow":["GET"]}}],"collection":[{"href":"https:\/\/floem.rs\/en\/wp-json\/wp\/v2\/pages"}],"about":[{"href":"https:\/\/floem.rs\/en\/wp-json\/wp\/v2\/types\/page"}],"author":[{"embeddable":true,"href":"https:\/\/floem.rs\/en\/wp-json\/wp\/v2\/users\/1"}],"replies":[{"embeddable":true,"href":"https:\/\/floem.rs\/en\/wp-json\/wp\/v2\/comments?post=14"}],"version-history":[{"count":126,"href":"https:\/\/floem.rs\/en\/wp-json\/wp\/v2\/pages\/14\/revisions"}],"predecessor-version":[{"id":5447,"href":"https:\/\/floem.rs\/en\/wp-json\/wp\/v2\/pages\/14\/revisions\/5447"}],"wp:attachment":[{"href":"https:\/\/floem.rs\/en\/wp-json\/wp\/v2\/media?parent=14"}],"curies":[{"name":"wp","href":"https:\/\/api.w.org\/{rel}","templated":true}]}}