{"id":2299,"date":"2023-05-12T09:25:32","date_gmt":"2023-05-12T09:25:32","guid":{"rendered":"https:\/\/floem.rs\/?page_id=2299"},"modified":"2026-02-24T15:53:53","modified_gmt":"2026-02-24T15:53:53","slug":"uslovi-koriscenja","status":"publish","type":"page","link":"https:\/\/floem.rs\/en\/uslovi-koriscenja\/","title":{"rendered":"Terms of use"},"content":{"rendered":"<div data-elementor-type=\"wp-page\" data-elementor-id=\"2299\" class=\"elementor elementor-2299\" data-elementor-post-type=\"page\">\n\t\t\t\t\t\t<section class=\"elementor-section elementor-top-section elementor-element elementor-element-a6ca470 elementor-section-boxed elementor-section-height-default elementor-section-height-default\" data-id=\"a6ca470\" data-element_type=\"section\">\n\t\t\t\t\t\t<div class=\"elementor-container elementor-column-gap-default\">\n\t\t\t\t\t<div class=\"elementor-column elementor-col-100 elementor-top-column elementor-element elementor-element-4ae0599\" data-id=\"4ae0599\" data-element_type=\"column\">\n\t\t\t<div class=\"elementor-widget-wrap elementor-element-populated\">\n\t\t\t\t\t\t<div class=\"elementor-element elementor-element-7978e2f elementor-widget elementor-widget-heading\" data-id=\"7978e2f\" data-element_type=\"widget\" data-widget_type=\"heading.default\">\n\t\t\t\t<div class=\"elementor-widget-container\">\n\t\t\t\t\t<h1 class=\"elementor-heading-title elementor-size-default\">Terms of use\n<\/h1>\t\t\t\t<\/div>\n\t\t\t\t<\/div>\n\t\t\t\t\t<\/div>\n\t\t<\/div>\n\t\t\t\t\t<\/div>\n\t\t<\/section>\n\t\t\t\t<section class=\"elementor-section elementor-top-section elementor-element elementor-element-b5d5807 elementor-section-boxed elementor-section-height-default elementor-section-height-default\" data-id=\"b5d5807\" data-element_type=\"section\">\n\t\t\t\t\t\t<div class=\"elementor-container elementor-column-gap-default\">\n\t\t\t\t\t<div class=\"elementor-column elementor-col-100 elementor-top-column elementor-element elementor-element-edfd44e\" data-id=\"edfd44e\" data-element_type=\"column\">\n\t\t\t<div class=\"elementor-widget-wrap elementor-element-populated\">\n\t\t\t\t\t\t<div class=\"elementor-element elementor-element-b23d5ef elementor-widget elementor-widget-heading\" data-id=\"b23d5ef\" data-element_type=\"widget\" data-widget_type=\"heading.default\">\n\t\t\t\t<div class=\"elementor-widget-container\">\n\t\t\t\t\t<h2 class=\"elementor-heading-title elementor-size-default\">Seller Information\n<\/h2>\t\t\t\t<\/div>\n\t\t\t\t<\/div>\n\t\t\t\t<div class=\"elementor-element elementor-element-67416d9 elementor-widget elementor-widget-text-editor\" data-id=\"67416d9\" data-element_type=\"widget\" data-widget_type=\"text-editor.default\">\n\t\t\t\t<div class=\"elementor-widget-container\">\n\t\t\t\t\t\t\t\t\t<p>E-commerce on floem.rs is performed by PTR FLOEM FURNITURE with a registered office in no. 14 Milana Nikolica Street, 35220 Ribare, company registration number: 65886278, TIN 112118991, industry code: 3109 \u2013 Manufacture of other furniture, email: office@floem.rs (hereinafter \u201cFloem\u201d or \u201cSeller\u201d), whereas the customer shall be any legal or natural person making a purchase of any product from the Floem product range at the Seller\u2019s retail outlet or business premises, or via email.<\/p>\t\t\t\t\t\t\t\t<\/div>\n\t\t\t\t<\/div>\n\t\t\t\t\t<\/div>\n\t\t<\/div>\n\t\t\t\t\t<\/div>\n\t\t<\/section>\n\t\t\t\t<section class=\"elementor-section elementor-top-section elementor-element elementor-element-fadd62c elementor-section-boxed elementor-section-height-default elementor-section-height-default\" data-id=\"fadd62c\" data-element_type=\"section\">\n\t\t\t\t\t\t<div class=\"elementor-container elementor-column-gap-default\">\n\t\t\t\t\t<div class=\"elementor-column elementor-col-100 elementor-top-column elementor-element elementor-element-ceca019\" data-id=\"ceca019\" data-element_type=\"column\">\n\t\t\t<div class=\"elementor-widget-wrap elementor-element-populated\">\n\t\t\t\t\t\t<div class=\"elementor-element elementor-element-9e08815 elementor-widget elementor-widget-heading\" data-id=\"9e08815\" data-element_type=\"widget\" data-widget_type=\"heading.default\">\n\t\t\t\t<div class=\"elementor-widget-container\">\n\t\t\t\t\t<h2 class=\"elementor-heading-title elementor-size-default\">Payment Terms\n<\/h2>\t\t\t\t<\/div>\n\t\t\t\t<\/div>\n\t\t\t\t<div class=\"elementor-element elementor-element-a56b7de elementor-widget elementor-widget-text-editor\" data-id=\"a56b7de\" data-element_type=\"widget\" data-widget_type=\"text-editor.default\">\n\t\t\t\t<div class=\"elementor-widget-container\">\n\t\t\t\t\t\t\t\t\t<p>When making the order, the customer shall make a 50% advance payment of the total value of thereof, while the remaining 50% shall be paid 2 days before the agreed delivery date or in cash on the delivery date.<\/p><p>The customer may cancel the order in writing, stating the number of the proforma invoice, his\/her information, and the information about the item subject to the cancellation as well as the reasons for making the cancellation. The customer shall have the right to a full refund of the advance payment should the cancellation be made no later than 30 days of making the order.<\/p><p>All prices listed on www.floem.rs are expressed in RSD, including VAT. All orders shall be charged according to prices valid at the moment of payment confirmation. The Seller reserves the right to change the existing prices at its discretion.<\/p><p>The customer can make the payment from the current account against the issued proforma invoice. All payments shall be made in the local currency of the Republic of Serbia \u2013 dinar (RSD). For informative purposes, the prices in other currencies can be calculated using the middle exchange rate of the National bank of Serbia.<\/p>\t\t\t\t\t\t\t\t<\/div>\n\t\t\t\t<\/div>\n\t\t\t\t\t<\/div>\n\t\t<\/div>\n\t\t\t\t\t<\/div>\n\t\t<\/section>\n\t\t\t\t<section class=\"elementor-section elementor-top-section elementor-element elementor-element-b773eb5 elementor-section-boxed elementor-section-height-default elementor-section-height-default\" data-id=\"b773eb5\" data-element_type=\"section\">\n\t\t\t\t\t\t<div class=\"elementor-container elementor-column-gap-default\">\n\t\t\t\t\t<div class=\"elementor-column elementor-col-100 elementor-top-column elementor-element elementor-element-fd4e9be\" data-id=\"fd4e9be\" data-element_type=\"column\">\n\t\t\t<div class=\"elementor-widget-wrap elementor-element-populated\">\n\t\t\t\t\t\t<div class=\"elementor-element elementor-element-c56acd1 elementor-widget elementor-widget-heading\" data-id=\"c56acd1\" data-element_type=\"widget\" data-widget_type=\"heading.default\">\n\t\t\t\t<div class=\"elementor-widget-container\">\n\t\t\t\t\t<h2 class=\"elementor-heading-title elementor-size-default\">Withdrawal from the Purchase<\/h2>\t\t\t\t<\/div>\n\t\t\t\t<\/div>\n\t\t\t\t<div class=\"elementor-element elementor-element-08e2ec2 elementor-widget elementor-widget-heading\" data-id=\"08e2ec2\" data-element_type=\"widget\" data-widget_type=\"heading.default\">\n\t\t\t\t<div class=\"elementor-widget-container\">\n\t\t\t\t\t<h2 class=\"elementor-heading-title elementor-size-default\">Natural Person\n<\/h2>\t\t\t\t<\/div>\n\t\t\t\t<\/div>\n\t\t\t\t<div class=\"elementor-element elementor-element-ce3241e elementor-widget elementor-widget-text-editor\" data-id=\"ce3241e\" data-element_type=\"widget\" data-widget_type=\"text-editor.default\">\n\t\t\t\t<div class=\"elementor-widget-container\">\n\t\t\t\t\t\t\t\t\t<p>According to the Law on Consumer Protection of the Republic of Serbia, the customer \u2013 a natural person who made the distance purchase order outside the Seller\u2019s premises without previously seeing the product may withdraw from the purchase no later than 14 days after receiving the goods, by sending a withdrawal statement. In case of withdrawal where the goods have already been delivered, the customer shall return the unused goods in the same condition in which they were received, no later than 14 days of sending the withdrawal statement, and the Seller shall be obliged to refund the payment.<\/p><p>After receiving the returned product, it shall be established whether the product is in good working order and free from defects. The customer shall be solely responsible for the decrease in value of the goods as a result of their inadequate handling, i.e. beyond what is required to establish the nature, characteristics and the functionality of the goods. The Seller shall establish the degree of damage by which they are to decrease the amount to be refunded to the customer. In case it is established that the degree of the product malfunction or damage caused by the customer prevents further sale of the product, the customer shall not be given a refund and the product will be sent back to the customer at the customer\u2019s expense.<\/p><p>The customer shall not have the right to withdraw from the purchase where goods were made to the consumer\u2019s specifications or clearly personalized.<\/p><p>The customer shall not have the right to withdraw from the purchase where, before making the order, they physically saw the goods in Floem\u2019s premises.<\/p>\t\t\t\t\t\t\t\t<\/div>\n\t\t\t\t<\/div>\n\t\t\t\t<div class=\"elementor-element elementor-element-0d242d8 elementor-widget elementor-widget-heading\" data-id=\"0d242d8\" data-element_type=\"widget\" data-widget_type=\"heading.default\">\n\t\t\t\t<div class=\"elementor-widget-container\">\n\t\t\t\t\t<h2 class=\"elementor-heading-title elementor-size-default\">Legal Person<\/h2>\t\t\t\t<\/div>\n\t\t\t\t<\/div>\n\t\t\t\t<div class=\"elementor-element elementor-element-71338d6 elementor-widget elementor-widget-text-editor\" data-id=\"71338d6\" data-element_type=\"widget\" data-widget_type=\"text-editor.default\">\n\t\t\t\t<div class=\"elementor-widget-container\">\n\t\t\t\t\t\t\t\t\t<p>A legal person may withdraw from the purchase of the goods and get a refund solely in case of defects or a lack of conformity of the goods, under the conditions and time frames set out in the Law of Contracts and Torts of the Republic of Serbia.<\/p>\t\t\t\t\t\t\t\t<\/div>\n\t\t\t\t<\/div>\n\t\t\t\t\t<\/div>\n\t\t<\/div>\n\t\t\t\t\t<\/div>\n\t\t<\/section>\n\t\t\t\t<section class=\"elementor-section elementor-top-section elementor-element elementor-element-bb1f66e elementor-section-boxed elementor-section-height-default elementor-section-height-default\" data-id=\"bb1f66e\" data-element_type=\"section\">\n\t\t\t\t\t\t<div class=\"elementor-container elementor-column-gap-default\">\n\t\t\t\t\t<div class=\"elementor-column elementor-col-100 elementor-top-column elementor-element elementor-element-70fc3ca\" data-id=\"70fc3ca\" data-element_type=\"column\">\n\t\t\t<div class=\"elementor-widget-wrap elementor-element-populated\">\n\t\t\t\t\t\t<div class=\"elementor-element elementor-element-af365ac elementor-widget elementor-widget-heading\" data-id=\"af365ac\" data-element_type=\"widget\" data-widget_type=\"heading.default\">\n\t\t\t\t<div class=\"elementor-widget-container\">\n\t\t\t\t\t<h2 class=\"elementor-heading-title elementor-size-default\">Defects and\/or a Lack of Conformity of the Goods\n<\/h2>\t\t\t\t<\/div>\n\t\t\t\t<\/div>\n\t\t\t\t<div class=\"elementor-element elementor-element-2ebe3c7 elementor-widget elementor-widget-text-editor\" data-id=\"2ebe3c7\" data-element_type=\"widget\" data-widget_type=\"text-editor.default\">\n\t\t\t\t<div class=\"elementor-widget-container\">\n\t\t\t\t\t\t\t\t\t<p>Floem shall be responsible for any product defect and\/or lack of conformity in accordance with the Law on Consumer Protection and the Law on Contracts and Torts of the Republic of Serbia.<\/p><p>The customer can notify the Seller of the goods\u2019 defects as follows: orally at the retail outlet where the goods were purchased; electronically, or on a durable medium; via email: office@floem.rs. When sending the complaint, the customer is required to provide a digital photograph of the damaged parts of the item subject to the complaint.<\/p><p>Upon receiving the notification of defects, Floem shall immediately and reliably establish whether the notification is justified and provide an answer to the notification, in writing or electronically, no later than 8 (eight) days of its reception in case the customer is a natural person, and no later than 30 (thirty) days in case the customer is a legal person.<\/p><p>Together with deciding on the complaint, the takeover of the damaged item shall also be arranged with the customer, as required.<\/p>\t\t\t\t\t\t\t\t<\/div>\n\t\t\t\t<\/div>\n\t\t\t\t\t<\/div>\n\t\t<\/div>\n\t\t\t\t\t<\/div>\n\t\t<\/section>\n\t\t\t\t<section class=\"elementor-section elementor-top-section elementor-element elementor-element-0873414 elementor-section-boxed elementor-section-height-default elementor-section-height-default\" data-id=\"0873414\" data-element_type=\"section\">\n\t\t\t\t\t\t<div class=\"elementor-container elementor-column-gap-default\">\n\t\t\t\t\t<div class=\"elementor-column elementor-col-100 elementor-top-column elementor-element elementor-element-f4690bb\" data-id=\"f4690bb\" data-element_type=\"column\">\n\t\t\t<div class=\"elementor-widget-wrap elementor-element-populated\">\n\t\t\t\t\t\t<div class=\"elementor-element elementor-element-d313b65 elementor-widget elementor-widget-heading\" data-id=\"d313b65\" data-element_type=\"widget\" data-widget_type=\"heading.default\">\n\t\t\t\t<div class=\"elementor-widget-container\">\n\t\t\t\t\t<h2 class=\"elementor-heading-title elementor-size-default\">Terms and Conditions of Delivery\n<\/h2>\t\t\t\t<\/div>\n\t\t\t\t<\/div>\n\t\t\t\t<div class=\"elementor-element elementor-element-8ec4735 elementor-widget elementor-widget-text-editor\" data-id=\"8ec4735\" data-element_type=\"widget\" data-widget_type=\"text-editor.default\">\n\t\t\t\t<div class=\"elementor-widget-container\">\n\t\t\t\t\t\t\t\t\t<p>Floem vr\u0161i isporuku robe u roku od 60 dana od dana uplate avansa, odnosno 75 dana za sve proizvode koji nisu deo standardnog Floem proizvodnog asortimana. <br \/><br \/>Usluga isporuke name\u0161taja podrazumeva transport name\u0161taja do jedne adrese za vrednost robe preko 50.000 RSD.<\/p><p>Ukoliko se roba isporu\u010duje u zoni udaljenosti do 20 km od Floem Jagodina i Floem showrooma u Beogradu \u2013 cena transporta je besplatna.<\/p><p>Ukoliko se roba isporu\u010duje u zoni udaljenosti preko 20 km od Floem Jagodina i Floem showrooma u Beogradu \u2013 cena transporta je 120 RSD\/km za vrednost robe od 50.000 RSD do 1.000.000 RSD.<\/p><p>Za vrednost robe preko 1.000.000 RSD \u2013 cena transporta je besplatna na teritoriji Srbije.<\/p><p>Isporuka za Novi Sad je besplatna za porud\u017ebine \u010diji iznos prelazi 200.000 RSD, za porud\u017ebine ispod navedenog iznosa, isporuka se napla\u0107uje u iznosu od 5.500 RSD.<\/p><p>Isporuka komada se ne vr\u0161i putem kurirskih slu\u017ebi. Mogu\u0107nost li\u010dnog preuzimanja je besplatna u Beogradu ili Jagodini u dogovoru sa Prodavcem.<\/p><p><strong>In this case, the goods shall be delivered only to the entrance to the customer\u2019s building.<\/strong><\/p><p>Proizvode koji fizi\u010dki ne mogu da se unesu u lift stambene zgrade ili lift trenutno nije u funkciji, kupac mo\u017ee preuzeti na ulazu u stambenu zgradu ili mo\u017ee ugovoriti sa Prodavcem uno\u0161enje komada name\u0161taja u stambenu jedinicu po ceni od 580 RSD po spratu.<\/p><p>In this case, the goods shall be delivered only to the entrance to the customer\u2019s building, or the customer may take them over at another location.<\/p><p>When making delivery arrangements, the customer shall be obliged to point out the inability to park the delivery vehicle as well as any other potential technical issues (inability to access the building, narrow hallways, faulty elevator, unconventional door width \u2013 less than 80 cm, etc.). In this case, the goods shall be delivered only to the entrance to the customer\u2019s building, or the customer may take them over at another location.<\/p><p>The Seller shall make no modifications or alterations to the delivered furniture, or any relocations, or rearrangements of the existing furniture.<\/p><p>Prodavac je u obavezi da kupljenu robu isporu\u010di najkasnije do datuma koji je dogovoren kao datum isporuke. <br \/><br \/>Ukoliko Prodavac ne isporu\u010di robu u predvi\u0111enom roku, du\u017ean je da u roku od 7 dana od dana isteka roka isporuke vrati kupcu celokupno upla\u0107eni iznos. <br \/><br \/>U slu\u010daju da kupac, i pored urednog obave\u0161tenja, nije prisutan kada je isporuka dogovorena i roba se ne mo\u017ee isporu\u010diti, Prodavac nije u obavezi da ponovo izvr\u0161i isporuku. <br \/><br \/>U tom slu\u010daju kupac se obavezuje da samostalno preuzme kupljenu robu koja je vra\u0107ena sa isporuke.<\/p><p>Kupac je u obavezi da, prilikom monta\u017ee, obezbedi dovoljno prostora za monta\u017eu, u zavisnosti od vrste proizvoda, kako bi se ista brzo i efikasno izvr\u0161ila. <br \/><br \/>U suprotnom, Prodavac nije u obavezi da montira isporu\u010denu robu.<\/p><p>Isporu\u010dena roba se u prostorijama kupca montira samo u polo\u017eenom stanju.<br \/><br \/>Monta\u017eerske ekipe Prodavca nisu u obavezi da, usled neadekvatne veli\u010dine prostorije, name\u0161taj montiraju u uspravnom polo\u017eaju.<\/p><p>For technical reasons, the assembly teams of the Seller shall not mount mirrors to walls at the customer\u2019s premises.<\/p>\t\t\t\t\t\t\t\t<\/div>\n\t\t\t\t<\/div>\n\t\t\t\t\t<\/div>\n\t\t<\/div>\n\t\t\t\t\t<\/div>\n\t\t<\/section>\n\t\t\t\t<section class=\"elementor-section elementor-top-section elementor-element elementor-element-d0e5814 elementor-section-boxed elementor-section-height-default elementor-section-height-default\" data-id=\"d0e5814\" data-element_type=\"section\">\n\t\t\t\t\t\t<div class=\"elementor-container elementor-column-gap-default\">\n\t\t\t\t\t<div class=\"elementor-column elementor-col-100 elementor-top-column elementor-element elementor-element-a8d79b0\" data-id=\"a8d79b0\" data-element_type=\"column\">\n\t\t\t<div class=\"elementor-widget-wrap elementor-element-populated\">\n\t\t\t\t\t\t<div class=\"elementor-element elementor-element-b7444d9 elementor-widget elementor-widget-heading\" data-id=\"b7444d9\" data-element_type=\"widget\" data-widget_type=\"heading.default\">\n\t\t\t\t<div class=\"elementor-widget-container\">\n\t\t\t\t\t<h2 class=\"elementor-heading-title elementor-size-default\">User Guide\n<\/h2>\t\t\t\t<\/div>\n\t\t\t\t<\/div>\n\t\t\t\t<div class=\"elementor-element elementor-element-7dc0a0c elementor-widget elementor-widget-text-editor\" data-id=\"7dc0a0c\" data-element_type=\"widget\" data-widget_type=\"text-editor.default\">\n\t\t\t\t<div class=\"elementor-widget-container\">\n\t\t\t\t\t\t\t\t\t<p>Proizvod je osetljiv na vlagu i potrebno ga je dr\u017eati u zatvorenim prostorijama gde se relativna vla\u017enost vazduha kre\u0107e u opsegu 40% do 60% (50% do 70%) i temperature od 14\u00baC do 21\u00baC. (18\u00baC do 25\u00baC).<\/p><p><span style=\"color: inherit; font-family: inherit; font-size: inherit; background-color: rgba(0, 0, 0, 0);\">Tufted leather products are cleaned by gently wiping them with a dry sponge. Stains should be removed with a dry flannel cloth. If this does not get rid of the stain, use neutral soap and clean water. Afterwards, the area should be cleaned with a damp cloth and left to air-dry. Do not use dry-cleaning agents, solvents, polishing agents, oils, abrasives, and ammonium soaps.<\/span><\/p>\n<p>The furniture is not designed for exterior use.<\/p>\n<p>To avoid injuries (clamping hands or fingers), special care should be taken when handling product components with built-in mechanisms.<\/p>\n<p>To avoid ignition or fire safety risks, products should not be exposed to high temperatures, heating appliances, or open flame.<\/p>\t\t\t\t\t\t\t\t<\/div>\n\t\t\t\t<\/div>\n\t\t\t\t\t<\/div>\n\t\t<\/div>\n\t\t\t\t\t<\/div>\n\t\t<\/section>\n\t\t\t\t<section class=\"elementor-section elementor-top-section elementor-element elementor-element-e6d3517 elementor-section-boxed elementor-section-height-default elementor-section-height-default\" data-id=\"e6d3517\" data-element_type=\"section\">\n\t\t\t\t\t\t<div class=\"elementor-container elementor-column-gap-default\">\n\t\t\t\t\t<div class=\"elementor-column elementor-col-100 elementor-top-column elementor-element elementor-element-c43a36f\" data-id=\"c43a36f\" data-element_type=\"column\">\n\t\t\t<div class=\"elementor-widget-wrap elementor-element-populated\">\n\t\t\t\t\t\t<div class=\"elementor-element elementor-element-8464094 elementor-widget elementor-widget-heading\" data-id=\"8464094\" data-element_type=\"widget\" data-widget_type=\"heading.default\">\n\t\t\t\t<div class=\"elementor-widget-container\">\n\t\t\t\t\t<h2 class=\"elementor-heading-title elementor-size-default\">Product Warranty\n<\/h2>\t\t\t\t<\/div>\n\t\t\t\t<\/div>\n\t\t\t\t<div class=\"elementor-element elementor-element-5cd6503 elementor-widget elementor-widget-text-editor\" data-id=\"5cd6503\" data-element_type=\"widget\" data-widget_type=\"text-editor.default\">\n\t\t\t\t<div class=\"elementor-widget-container\">\n\t\t\t\t\t\t\t\t\t<p>The Seller provides a 24-month warranty to the product from the date of purchase, subject to proper product usage and maintenance \u2013 in accordance with the User Guide. In addition to the User Guide, the customer shall also receive a warranty card.<\/p><p>The customer shall keep the warranty card as well as the appropriate proof of purchase over the course of the warranty period.<\/p><p>The customer can exercise the rights provided by the warranty should he\/she have the warranty card when requesting repair or replacement.<\/p><p>All user\/customer data is strictly kept and made available only to employees requiring such data for the purpose of work. We only collect necessary, basic user\/customer data and the data required for business activities. We are committed to protecting the privacy of all our customers.<\/p>\t\t\t\t\t\t\t\t<\/div>\n\t\t\t\t<\/div>\n\t\t\t\t\t<\/div>\n\t\t<\/div>\n\t\t\t\t\t<\/div>\n\t\t<\/section>\n\t\t\t\t<\/div>","protected":false},"excerpt":{"rendered":"<p>Uslovi kori\u0161\u0107enja Op\u0161ti podaci o prodavcu Trgovinu putem internet stranice floem.rs obavlja PTR FLOEM FURNITURE, sa registrovanim sedi\u0161tem na adresi Milana Nikoli\u0107a 14, 35220 Ribare,&#8230;<\/p>","protected":false},"author":2,"featured_media":0,"parent":0,"menu_order":0,"comment_status":"closed","ping_status":"closed","template":"elementor_header_footer","meta":{"slim_seo":{"title":"Floem | Uslovi kori\u0161\u0107enja \/ saradnje sa nama","description":"Veoma nam je bitno da izdvojite vreme i pro\u010ditate na koji na\u010din mo\u017eemo da saradjujemo. Naveli smo rokove isporuke i druge va\u017ene informacije."},"footnotes":""},"class_list":["post-2299","page","type-page","status-publish","hentry"],"_links":{"self":[{"href":"https:\/\/floem.rs\/en\/wp-json\/wp\/v2\/pages\/2299","targetHints":{"allow":["GET"]}}],"collection":[{"href":"https:\/\/floem.rs\/en\/wp-json\/wp\/v2\/pages"}],"about":[{"href":"https:\/\/floem.rs\/en\/wp-json\/wp\/v2\/types\/page"}],"author":[{"embeddable":true,"href":"https:\/\/floem.rs\/en\/wp-json\/wp\/v2\/users\/2"}],"replies":[{"embeddable":true,"href":"https:\/\/floem.rs\/en\/wp-json\/wp\/v2\/comments?post=2299"}],"version-history":[{"count":12,"href":"https:\/\/floem.rs\/en\/wp-json\/wp\/v2\/pages\/2299\/revisions"}],"predecessor-version":[{"id":5434,"href":"https:\/\/floem.rs\/en\/wp-json\/wp\/v2\/pages\/2299\/revisions\/5434"}],"wp:attachment":[{"href":"https:\/\/floem.rs\/en\/wp-json\/wp\/v2\/media?parent=2299"}],"curies":[{"name":"wp","href":"https:\/\/api.w.org\/{rel}","templated":true}]}}