{"id":32,"date":"2021-12-04T09:58:57","date_gmt":"2021-12-04T09:58:57","guid":{"rendered":"https:\/\/xstore.8theme.com\/elementor\/demos\/minimal-fashion03\/?page_id=32"},"modified":"2025-07-14T10:07:23","modified_gmt":"2025-07-14T10:07:23","slug":"kontakt","status":"publish","type":"page","link":"https:\/\/floem.rs\/en\/kontakt\/","title":{"rendered":"Contact"},"content":{"rendered":"<div data-elementor-type=\"wp-page\" data-elementor-id=\"32\" class=\"elementor elementor-32\" data-elementor-post-type=\"page\">\n\t\t\t\t\t\t<section class=\"elementor-section elementor-top-section elementor-element elementor-element-a8113c5 elementor-section-full_width elementor-section-stretched elementor-hidden-mobile elementor-section-height-default elementor-section-height-default\" data-id=\"a8113c5\" data-element_type=\"section\" data-settings=\"{&quot;stretch_section&quot;:&quot;section-stretched&quot;}\">\n\t\t\t\t\t\t<div class=\"elementor-container elementor-column-gap-default\">\n\t\t\t\t\t<div class=\"elementor-column elementor-col-100 elementor-top-column elementor-element elementor-element-80a813a\" data-id=\"80a813a\" data-element_type=\"column\">\n\t\t\t<div class=\"elementor-widget-wrap elementor-element-populated\">\n\t\t\t\t\t\t<div class=\"elementor-element elementor-element-d0ba298 elementor-widget elementor-widget-google_maps\" data-id=\"d0ba298\" data-element_type=\"widget\" data-widget_type=\"google_maps.default\">\n\t\t\t\t<div class=\"elementor-widget-container\">\n\t\t\t\t\t\t\t<div class=\"elementor-custom-embed\">\n\t\t\t<iframe loading=\"lazy\"\n\t\t\t\t\tsrc=\"https:\/\/maps.google.com\/maps?q=Kru%C5%A1eva%C4%8Dka%2022%2C%20Beograd&#038;t=m&#038;z=12&#038;output=embed&#038;iwloc=near\"\n\t\t\t\t\ttitle=\"Kru\u0161eva\u010dka 22, Beograd\"\n\t\t\t\t\taria-label=\"Kru\u0161eva\u010dka 22, Beograd\"\n\t\t\t><\/iframe>\n\t\t<\/div>\n\t\t\t\t\t\t<\/div>\n\t\t\t\t<\/div>\n\t\t\t\t\t<\/div>\n\t\t<\/div>\n\t\t\t\t\t<\/div>\n\t\t<\/section>\n\t\t\t\t<section class=\"elementor-section elementor-top-section elementor-element elementor-element-184b5f6 elementor-section-stretched elementor-section-boxed elementor-section-height-default elementor-section-height-default\" data-id=\"184b5f6\" data-element_type=\"section\" data-settings=\"{&quot;stretch_section&quot;:&quot;section-stretched&quot;}\">\n\t\t\t\t\t\t<div class=\"elementor-container elementor-column-gap-custom\">\n\t\t\t\t\t<div class=\"elementor-column elementor-col-50 elementor-top-column elementor-element elementor-element-dabaf09\" data-id=\"dabaf09\" data-element_type=\"column\">\n\t\t\t<div class=\"elementor-widget-wrap elementor-element-populated\">\n\t\t\t\t\t\t<div class=\"elementor-element elementor-element-1876c64 elementor-widget elementor-widget-heading\" data-id=\"1876c64\" data-element_type=\"widget\" data-widget_type=\"heading.default\">\n\t\t\t\t<div class=\"elementor-widget-container\">\n\t\t\t\t\t<h3 class=\"elementor-heading-title elementor-size-default\"><a href=\"mailto:office@floem.rs\">office@floem.rs<\/a><\/h3>\t\t\t\t<\/div>\n\t\t\t\t<\/div>\n\t\t\t\t<div class=\"elementor-element elementor-element-af3102d elementor-widget elementor-widget-heading\" data-id=\"af3102d\" data-element_type=\"widget\" data-widget_type=\"heading.default\">\n\t\t\t\t<div class=\"elementor-widget-container\">\n\t\t\t\t\t<h3 class=\"elementor-heading-title elementor-size-default\"><a href=\"tel:+381612658011\">+381 61 26 58 011<\/a><\/h3>\t\t\t\t<\/div>\n\t\t\t\t<\/div>\n\t\t\t\t<div class=\"elementor-element elementor-element-c5e2a03 elementor-widget elementor-widget-heading\" data-id=\"c5e2a03\" data-element_type=\"widget\" data-widget_type=\"heading.default\">\n\t\t\t\t<div class=\"elementor-widget-container\">\n\t\t\t\t\t<h2 class=\"elementor-heading-title elementor-size-default\">Showroom: Kru\u0161eva\u010dka 22, Beograd<\/h2>\t\t\t\t<\/div>\n\t\t\t\t<\/div>\n\t\t\t\t<div class=\"elementor-element elementor-element-36e7013 elementor-widget-laptop__width-initial elementor-widget elementor-widget-heading\" data-id=\"36e7013\" data-element_type=\"widget\" data-widget_type=\"heading.default\">\n\t\t\t\t<div class=\"elementor-widget-container\">\n\t\t\t\t\t<h2 class=\"elementor-heading-title elementor-size-default\">Radno vreme: \nutorak-petak 11-19h subota 10-15h<\/h2>\t\t\t\t<\/div>\n\t\t\t\t<\/div>\n\t\t\t\t<section class=\"elementor-section elementor-inner-section elementor-element elementor-element-7b96ae7 elementor-section-boxed elementor-section-height-default elementor-section-height-default\" data-id=\"7b96ae7\" data-element_type=\"section\">\n\t\t\t\t\t\t<div class=\"elementor-container elementor-column-gap-default\">\n\t\t\t\t\t<div class=\"elementor-column elementor-col-100 elementor-inner-column elementor-element elementor-element-245527f\" data-id=\"245527f\" data-element_type=\"column\">\n\t\t\t<div class=\"elementor-widget-wrap elementor-element-populated\">\n\t\t\t\t\t\t<div class=\"elementor-element elementor-element-825efbb elementor-shape-square e-grid-align-left elementor-grid-0 elementor-widget elementor-widget-social-icons\" data-id=\"825efbb\" data-element_type=\"widget\" data-widget_type=\"social-icons.default\">\n\t\t\t\t<div class=\"elementor-widget-container\">\n\t\t\t\t\t\t\t<div class=\"elementor-social-icons-wrapper elementor-grid\" role=\"list\">\n\t\t\t\t\t\t\t<span class=\"elementor-grid-item\" role=\"listitem\">\n\t\t\t\t\t<a class=\"elementor-icon elementor-social-icon elementor-social-icon-facebook elementor-repeater-item-6d21183\" href=\"https:\/\/www.facebook.com\/floem.furniture\" target=\"_blank\">\n\t\t\t\t\t\t<span class=\"elementor-screen-only\">Facebook<\/span>\n\t\t\t\t\t\t<i aria-hidden=\"true\" class=\"fab fa-facebook\"><\/i>\t\t\t\t\t<\/a>\n\t\t\t\t<\/span>\n\t\t\t\t\t\t\t<span class=\"elementor-grid-item\" role=\"listitem\">\n\t\t\t\t\t<a class=\"elementor-icon elementor-social-icon elementor-social-icon-instagram elementor-repeater-item-8f64e2c\" href=\"https:\/\/www.instagram.com\/floem.rs\/\" target=\"_blank\">\n\t\t\t\t\t\t<span class=\"elementor-screen-only\">Instagram<\/span>\n\t\t\t\t\t\t<i aria-hidden=\"true\" class=\"fab fa-instagram\"><\/i>\t\t\t\t\t<\/a>\n\t\t\t\t<\/span>\n\t\t\t\t\t\t\t<span class=\"elementor-grid-item\" role=\"listitem\">\n\t\t\t\t\t<a class=\"elementor-icon elementor-social-icon elementor-social-icon- elementor-repeater-item-8765752\" href=\"https:\/\/www.superprostor.com\/profesionalci\/floem#sekcija\" target=\"_blank\">\n\t\t\t\t\t\t<span class=\"elementor-screen-only\"><\/span>\n\t\t\t\t\t\t<svg xmlns=\"http:\/\/www.w3.org\/2000\/svg\" xmlns:xlink=\"http:\/\/www.w3.org\/1999\/xlink\" id=\"Layer_1\" data-name=\"Layer 1\" viewbox=\"0 0 57.62 57.62\"><defs><style>.cls-1{fill:#fff;}<\/style><\/defs><title>superprostor logo<\/title><rect class=\"cls-1\" width=\"57.62\" height=\"57.62\" rx=\"6.8\"><\/rect><image width=\"75\" height=\"94\" transform=\"translate(8.02 3.36) scale(0.56)\" xlink:href=\"data:image\/png;base64,iVBORw0KGgoAAAANSUhEUgAAAEsAAABeCAYAAABrVenCAAAACXBIWXMAABOvAAATrwFj5o7DAAAKnklEQVR4Xu2ce4xdVRWHv3kcutvp9GXHlpaBFmgLWJCKLYWi9Z2AYqRibCHBSBSEBGOUmPpMMKCJiDERjYg2gRC1ATUWYrGtqY2ICBVCoe+W6ZNHW\/t+7M7pzPjHb9\/p7fQ879n3zp2mX7KTSWfd27m\/u\/dea6+19mno6enhLNloTDM4y0nOipWD5jSDahIYY4AW9HcMQl9eADQAXcAJN467YUNrw+h3qz4NtdqzAmOagDbgfOBCYDzwbmAsMAQYBpzjfm5C4hwFLLAfOADsAd4CdgIbge2htUepEVUTKzCmETBImKuBmcBFSLAxwCgkSh56kIB7kWg7gDXAcuAlJHAYWluVD+VdrMCYQUA78F7g88B0YCQnl5tPepBAB4ENwFJgCbA2tPZA0gsrwZtYbiZNAW4Ebgam4V+cLLwNPAUsAp4LrT2WYp+ZwmI5kcYBnwM+C1yJZlF\/cgLYBvwNeARYHVp7Ivkl6RQSKzBmGPAh4KtoX2pBnqxe6ATWAr8FFgK7i+xnFYsVGHMu8BXgLrRp1zNHgceBh0NrV6cZx5FbrMCYBmAi8G209IYlv6JuCIGnge8DayqZYbnEcvvTVcCDKBQYlPyKuqMTeAGYD\/wntLY7xf4U8h53pgE\/Az7AwBMKFPR+EPgJcHmK7WlkFiswph24F5hBjtfVKdOB+YEx56cZlpPpQwfGjAS+CXyG\/omdfBOgePAu59EzkUksYA5wOzq+nCm0AF8CPhEYk2kCpIoVGDMBvengFNOByGgU\/oxMM4SUJRUYE6DwYCr+g81uYB9wCMVBu1B2obPMphVlJ1rRTBiBNmmfvB+4KTDm0bRwIm36XYIOw0NT7PLQCaxGWYLlwKvAG6G1x6OM3Rd2AXApcA0wC7gCCeeDYcCtwLPoiBRLrFiBMecA11GBi03gHRRJPwW8luWQ65J9m4BNgTGLgUlItPnu56I0oATATCoVC82mG\/Az7UPgX8ADwAuhtYdT7CNxh+G1gTEbgJXAt4BPo4RhEdqAjwbGLA2t3RdnlCTWOHQ4LkoXsAL4WpFzWTmhtV3AqsCYe1Ei8IsUc0CNKOAeg\/bRWKM4rsBPqmUP8FNfQpUTWrsT+DHwT5QILMJFwFh39o0kSaxpKHgrypPA82lGlRJauxW4H+2HRRiBUuCxqe4ksSaSP0felyPAMpT2rSarUEahCI3AZBImSKRYzl23xf0+B1uAHWnxiwcOo2yCTTNM4VwqmFktFNswSxxAAWdVcRv+BmBrmm0KiRWnOG\/YgJ+I3df7ZGE7Cix3pBkmsB5570jSIviilEpgteBN4IcUiwtLhd1I4sTqprgrBtUPLw6MedktlarhIv1daXZFiNuzDuJnr2lB564xaYYDgUixnPfai2ZYUWYDc52HHdAkhQYbUbGyKC3A14F7AmNGpRnXM0kb\/CtIrCIbJsgbjgO+h44Tv0OlqPK81YAgthQWGDMJ+Af6oL7oBl4G\/uTGxrzlqP4kSawRwC+BeZEGxTiKclRLgGdQif0IcKyexUsSqxE1ejyGn2g+ik50RNkI\/B1lT7ejmGl3aG3R44tXEivSgTETURfKx2ON\/HIcReBr0cxbB7yGumC891vlJU2sJlSweAi\/e1cWutEB+R3U5bcFzbx\/o9lngaM+WomyktrrEBjTAvwIuJPinrFSetCZrRPNvp3IWy9HbZJb0bKt6ikhVSyAwJgL0XL8WJptjelCy\/ZFNOOeA1bFVYqKklWsJuBalMKdTvGkoG96kDfdgZbq71FCcFfosRU8k1jQK9g1KLicTf120ZxAe906YAHystt87G2ZxSoRGHMJahKZR\/33PnQisR4Hnqm0BFeiErEaUBbhFuBuYAL1tyzL6UIedQlyVB2VLs3cYpUI1O9+JerZmoUELJqzryYh8DpqZFtUySyrWKwSgTGtqNfpFiSarx6EarETefaHk6rPURQWC3qrQe2offIm1CMxDD91x2qwH517HwL2Za0+eRGrhBNtKGrSnYNm2ljUB1VvS3Q\/8GvgwdDaPWnG4Fmsclw3XTvqTrkW3eWZhG6C1Ytwh1A3zm+y5NeqJlY5gTFD0NW5caiH4irkHM5H8Voz\/edR1wB3h9auSDOsiVjluL6vIW5MRp1370ONc22ofDaE2tUbu9ClqDtDa3cnGdZcrChc7DYeeA9wGZp9U9wYSfWF24t6vRYkRfp1IVZfArWSj0N73gyUT7sM9ZY2Ux3xlgJ3hNZuiTOoS7HKCYwZjMKQ85CHnY1m3Cj8OopO4AvAk3GpnroXqy+BMW1opt2Kru8VbZEs5y\/AbaG1kS1SA06sEi7HdiO6wjcZP0tzO\/CR0NpNUb\/0OY1rSmjtG8CvkFiv4Kc3YziKCyMZsGIBhNYeD61djlJGHWn2GRiELkhEclpFOqkBNStZz1oeeR6V7L5LsfNoM7qgEPvLXlxx4gaK\/YfbAmNW1rLmF1p7LDDmaeBTKO1dKU3A6MAYE\/X3951ZbejydWtfwxwsRvtI0ZbFvGwFNlNMLJB3HU5Ef2rfPasLHS6LMIradfuVc5CEhv8cBMRU4PuKdQL4X5RhDiYB5\/nY+3LSg59+slj6ihWiPoMijEJVoFoXM96Fnw7DUjH3NPqK1UnKzaiMXI9EqyVj0VmyKBa1pJ9GX7Esasoo6vqnAje7WmPVccWT2ShrUYRutA1F9tNGLcNNxCibgyHAl4GZrnWp2kxAN8OKXiINgU1xceIpH8QZ7aS4229Aybz7gKnV3OxdbHgHyoEVpRNNlkiivvXt6Fpu0aXYhJbGI8B1gR5Z543AmKbAmIvRF3I7ftLSR1CTSSSnieVSqyvwc5OrGSXvHkXdylN87GOBnsVwParO3IO\/WuV6NFkiietWXoa8oo\/70Y0oWXcf+oCLAt117shSUSnHZVA\/7MYn0TU\/n\/yVhMsSkfkstyk\/gPrXfTewHUJPT1sH\/Bfdvu9w\/97lRgMSuQlda5uMPOzVKOgdSbHzaxQdwFzgpbgNPqkB91Lgz2hWVIMeJEy3G0eQYIdRqmQw8m6DkXClUQ1n0YXOxPOTSvpJlwY6UNrjByl2ldLAqe9rUBTeH2wGnkjrfYiNgVyKYiHqUy\/cCFbHHAaeQDdhE0kLGDvQg8V8hBL1ylLgsSw9W4liuY3uReDn6JEDZxprUb9WptuvaTOr9JSOhcj1v8WZMcO6UWPbd4CVYcYrMJlLYe5YMQ814LZTHa9UK15H5frFcQXVKDKLBeCOLHOBb5BQBaljulBsdz8SKpfjyiUW9HbBzEJTeCa17XiplB6Ucv4j8At03zF1Q+9LbrGgN8JvA25zYwr+I2pfdKLLUgtQiHCo0lJdRWKVCNTdNwP1kc5BeaVUp1FDNqNLoH8AXs2zP0VRSKwSgTFD0ZPT5qADbjuq8NR6tpVuV6xHD6F+Fj3ULHcbdxRexILeSrZBuffpSLTLUZ\/VaKp3wbP0PIc3Udy0zI19wPFKl1wU3sTqi1ui45FgU1Dm4AI3Sg89zEsPSqG8jVJIm91Yhy42bS261JKomljlOIfQipJ0I1DFdzharq1oNg4ler\/bizISe5FIpSdQ7kfFhUNZg8qi1ESsKNyybeZk3iou\/OguG121EiaKfhNrIFJPbr7uOStWDs6KlYP\/A18jeLzA+FiYAAAAAElFTkSuQmCC\"><\/image><\/svg>\t\t\t\t\t<\/a>\n\t\t\t\t<\/span>\n\t\t\t\t\t<\/div>\n\t\t\t\t\t\t<\/div>\n\t\t\t\t<\/div>\n\t\t\t\t\t<\/div>\n\t\t<\/div>\n\t\t\t\t\t<\/div>\n\t\t<\/section>\n\t\t\t\t\t<\/div>\n\t\t<\/div>\n\t\t\t\t<div class=\"elementor-column elementor-col-50 elementor-top-column elementor-element elementor-element-119f8ec6\" data-id=\"119f8ec6\" data-element_type=\"column\">\n\t\t\t<div class=\"elementor-widget-wrap elementor-element-populated\">\n\t\t\t\t\t\t<div class=\"elementor-element elementor-element-4d553e2 etheme-contact-form-7-button-custom elementor-widget elementor-widget-et-contact-form-7\" data-id=\"4d553e2\" data-element_type=\"widget\" data-widget_type=\"et-contact-form-7.default\">\n\t\t\t\t<div class=\"elementor-widget-container\">\n\t\t\t\t\t                <div class=\"pp-contact-form etheme-contact-form-7 placeholder-show\">\n                                        \n<div class=\"wpcf7 no-js\" id=\"wpcf7-f362-o1\" lang=\"en-US\" dir=\"ltr\" data-wpcf7-id=\"362\">\n<div class=\"screen-reader-response\"><p role=\"status\" aria-live=\"polite\" aria-atomic=\"true\"><\/p> <ul><\/ul><\/div>\n<form action=\"\/en\/wp-json\/wp\/v2\/pages\/32#wpcf7-f362-o1\" method=\"post\" class=\"wpcf7-form init\" aria-label=\"Contact form\" novalidate=\"novalidate\" data-status=\"init\" data-trp-original-action=\"\/en\/wp-json\/wp\/v2\/pages\/32#wpcf7-f362-o1\">\n<fieldset class=\"hidden-fields-container\"><input type=\"hidden\" name=\"_wpcf7\" value=\"362\" \/><input type=\"hidden\" name=\"_wpcf7_version\" value=\"6.1.4\" \/><input type=\"hidden\" name=\"_wpcf7_locale\" value=\"en_US\" \/><input type=\"hidden\" name=\"_wpcf7_unit_tag\" value=\"wpcf7-f362-o1\" \/><input type=\"hidden\" name=\"_wpcf7_container_post\" value=\"0\" \/><input type=\"hidden\" name=\"_wpcf7_posted_data_hash\" value=\"\" \/>\n<\/fieldset>\n<div class=\"form-group\">\n\t<p><span class=\"wpcf7-form-control-wrap\" data-name=\"your-name\"><input size=\"40\" maxlength=\"400\" class=\"wpcf7-form-control wpcf7-text wpcf7-validates-as-required\" aria-required=\"true\" aria-invalid=\"false\" placeholder=\"Name\" value=\"\" type=\"text\" name=\"your-name\" \/><\/span>\n\t<\/p>\n\t<p><span class=\"wpcf7-form-control-wrap\" data-name=\"your-email\"><input size=\"40\" maxlength=\"400\" class=\"wpcf7-form-control wpcf7-email wpcf7-validates-as-required wpcf7-text wpcf7-validates-as-email\" aria-required=\"true\" aria-invalid=\"false\" placeholder=\"Email\" value=\"\" type=\"email\" name=\"your-email\" \/><\/span>\n\t<\/p>\n<\/div>\n<p><span class=\"wpcf7-form-control-wrap\" data-name=\"your-message\"><textarea cols=\"4\" rows=\"5\" maxlength=\"2000\" class=\"wpcf7-form-control wpcf7-textarea\" aria-invalid=\"false\" placeholder=\"Your message\" name=\"your-message\"><\/textarea><\/span>\n<\/p>\n<p><input class=\"wpcf7-form-control wpcf7-submit has-spinner\" type=\"submit\" value=\"Submit\" \/>\n<\/p><div class=\"wpcf7-response-output\" aria-hidden=\"true\"><\/div>\n<input type=\"hidden\" name=\"trp-form-language\" value=\"en\"\/><\/form>\n<\/div>\n                <\/div>\n                \t\t\t\t<\/div>\n\t\t\t\t<\/div>\n\t\t\t\t\t<\/div>\n\t\t<\/div>\n\t\t\t\t\t<\/div>\n\t\t<\/section>\n\t\t\t\t<section class=\"elementor-section elementor-top-section elementor-element elementor-element-e0ce289 elementor-section-full_width elementor-section-stretched elementor-hidden-desktop elementor-hidden-laptop elementor-hidden-tablet elementor-section-height-default elementor-section-height-default\" data-id=\"e0ce289\" data-element_type=\"section\" data-settings=\"{&quot;stretch_section&quot;:&quot;section-stretched&quot;}\">\n\t\t\t\t\t\t<div class=\"elementor-container elementor-column-gap-default\">\n\t\t\t\t\t<div class=\"elementor-column elementor-col-100 elementor-top-column elementor-element elementor-element-261ba15\" data-id=\"261ba15\" data-element_type=\"column\">\n\t\t\t<div class=\"elementor-widget-wrap elementor-element-populated\">\n\t\t\t\t\t\t<div class=\"elementor-element elementor-element-c269540 elementor-widget elementor-widget-google_maps\" data-id=\"c269540\" data-element_type=\"widget\" data-widget_type=\"google_maps.default\">\n\t\t\t\t<div class=\"elementor-widget-container\">\n\t\t\t\t\t\t\t<div class=\"elementor-custom-embed\">\n\t\t\t<iframe loading=\"lazy\"\n\t\t\t\t\tsrc=\"https:\/\/maps.google.com\/maps?q=Kru%C5%A1eva%C4%8Dka%2022%2C%20Beograd&#038;t=m&#038;z=12&#038;output=embed&#038;iwloc=near\"\n\t\t\t\t\ttitle=\"Kru\u0161eva\u010dka 22, Beograd\"\n\t\t\t\t\taria-label=\"Kru\u0161eva\u010dka 22, Beograd\"\n\t\t\t><\/iframe>\n\t\t<\/div>\n\t\t\t\t\t\t<\/div>\n\t\t\t\t<\/div>\n\t\t\t\t\t<\/div>\n\t\t<\/div>\n\t\t\t\t\t<\/div>\n\t\t<\/section>\n\t\t\t\t<\/div>","protected":false},"excerpt":{"rendered":"<p>office@floem.rs +381 61 26 58 011 Showroom: Kru\u0161eva\u010dka 22, Beograd Radno vreme: utorak-petak 11-19h subota 10-15h Facebook Instagram superprostor logo<\/p>","protected":false},"author":1,"featured_media":81,"parent":0,"menu_order":0,"comment_status":"closed","ping_status":"closed","template":"","meta":{"slim_seo":{"title":"Kontakt | Floem | Proizvedeno u Srbiji","description":"Zanima vas cena i na\u010din poru\u010divanja name\u0161taja? Popunite formu i mi \u0107emo vam se javiti u najkra\u0107em mogu\u0107em roku. office @ floem.rs Posete na zakazivanje."},"footnotes":""},"class_list":["post-32","page","type-page","status-publish","has-post-thumbnail","hentry"],"_links":{"self":[{"href":"https:\/\/floem.rs\/en\/wp-json\/wp\/v2\/pages\/32","targetHints":{"allow":["GET"]}}],"collection":[{"href":"https:\/\/floem.rs\/en\/wp-json\/wp\/v2\/pages"}],"about":[{"href":"https:\/\/floem.rs\/en\/wp-json\/wp\/v2\/types\/page"}],"author":[{"embeddable":true,"href":"https:\/\/floem.rs\/en\/wp-json\/wp\/v2\/users\/1"}],"replies":[{"embeddable":true,"href":"https:\/\/floem.rs\/en\/wp-json\/wp\/v2\/comments?post=32"}],"version-history":[{"count":3,"href":"https:\/\/floem.rs\/en\/wp-json\/wp\/v2\/pages\/32\/revisions"}],"predecessor-version":[{"id":5238,"href":"https:\/\/floem.rs\/en\/wp-json\/wp\/v2\/pages\/32\/revisions\/5238"}],"wp:featuredmedia":[{"embeddable":true,"href":"https:\/\/floem.rs\/en\/wp-json\/wp\/v2\/media\/81"}],"wp:attachment":[{"href":"https:\/\/floem.rs\/en\/wp-json\/wp\/v2\/media?parent=32"}],"curies":[{"name":"wp","href":"https:\/\/api.w.org\/{rel}","templated":true}]}}