{"id":2346,"date":"2023-05-12T22:55:30","date_gmt":"2023-05-12T22:55:30","guid":{"rendered":"https:\/\/floem.rs\/?post_type=product&#038;p=2346"},"modified":"2026-02-05T17:57:33","modified_gmt":"2026-02-05T17:57:33","slug":"around-lucno-ogledalo","status":"publish","type":"product","link":"https:\/\/floem.rs\/en\/prodavnica\/aksesoari\/around-lucno-ogledalo\/","title":{"rendered":"Around Arched Wall Mirror"},"content":{"rendered":"","protected":false},"excerpt":{"rendered":"<p>Around arched mirror is a splendid architectural piece reflecting the style of semi-circular Romanesque windows.<\/p>\n<p>Sama forma ogledala predstavlja spoj modernog i klasi\u010dnog, dok masivan ram od punog drveta &#8211; jasena, hrasta ili oraha, dodaje prostoru prirodni ose\u0107aj i toplinu.<\/p>\n<p>Its unique character and glow enable this piece of decorative furniture to create an atmosphere that radiates beauty and style. Whether you mount it in the living room, hallway or any other part of your home, Around arched mirror will leave you with a memorable impression.<\/p>\n<p><strong>Product info:<\/strong><\/p>\n<p>Sizes: H: 150 | 180 cm W: 65 cm | 80 cm<\/p>\n<p>Material: solid wood ash, oak or walnut<\/p>","protected":false},"featured_media":4480,"template":"","meta":{"slim_seo":{"title":"Around lu\u010dno ogledalo - Floem","description":"Around lu\u010dno ogledalo stoji poput prekrasnog arhitektonskog elementa, koji je preuzeo stil polukru\u017enih lu\u010dnih prozora iz romani\u010dkog doba. Sama forma ogledala pr"}},"etheme_brands":[],"product_brand":[],"product_cat":[104],"product_tag":[135],"class_list":{"0":"post-2346","1":"product","2":"type-product","3":"status-publish","4":"has-post-thumbnail","6":"product_cat-aksesoari","7":"product_tag-around","9":"first","10":"instock","11":"shipping-taxable","12":"purchasable","13":"product-type-variable"},"_links":{"self":[{"href":"https:\/\/floem.rs\/en\/wp-json\/wp\/v2\/product\/2346","targetHints":{"allow":["GET"]}}],"collection":[{"href":"https:\/\/floem.rs\/en\/wp-json\/wp\/v2\/product"}],"about":[{"href":"https:\/\/floem.rs\/en\/wp-json\/wp\/v2\/types\/product"}],"version-history":[{"count":2,"href":"https:\/\/floem.rs\/en\/wp-json\/wp\/v2\/product\/2346\/revisions"}],"predecessor-version":[{"id":5246,"href":"https:\/\/floem.rs\/en\/wp-json\/wp\/v2\/product\/2346\/revisions\/5246"}],"wp:featuredmedia":[{"embeddable":true,"href":"https:\/\/floem.rs\/en\/wp-json\/wp\/v2\/media\/4480"}],"wp:attachment":[{"href":"https:\/\/floem.rs\/en\/wp-json\/wp\/v2\/media?parent=2346"}],"wp:term":[{"taxonomy":"brand","embeddable":true,"href":"https:\/\/floem.rs\/en\/wp-json\/wp\/v2\/etheme_brands?post=2346"},{"taxonomy":"product_brand","embeddable":true,"href":"https:\/\/floem.rs\/en\/wp-json\/wp\/v2\/product_brand?post=2346"},{"taxonomy":"product_cat","embeddable":true,"href":"https:\/\/floem.rs\/en\/wp-json\/wp\/v2\/product_cat?post=2346"},{"taxonomy":"product_tag","embeddable":true,"href":"https:\/\/floem.rs\/en\/wp-json\/wp\/v2\/product_tag?post=2346"}],"curies":[{"name":"wp","href":"https:\/\/api.w.org\/{rel}","templated":true}]}}