{"id":2395,"date":"2023-05-12T23:31:07","date_gmt":"2023-05-12T23:31:07","guid":{"rendered":"https:\/\/floem.rs\/?post_type=product&#038;p=2395"},"modified":"2026-02-05T17:50:41","modified_gmt":"2026-02-05T17:50:41","slug":"around-kruzno-ogledalo","status":"publish","type":"product","link":"https:\/\/floem.rs\/en\/prodavnica\/aksesoari\/around-kruzno-ogledalo\/","title":{"rendered":"Around Circle Wall Mirror"},"content":{"rendered":"","protected":false},"excerpt":{"rendered":"<p>The infinite, circular form stands for unity, commitment and community. Mirror Around comes as a solution to our growing need for more meaningful encounters with Nature. This solid wood round wall mirror works wonders for opening up the space and bringing a sense of harmony and safety.<\/p>\n<p>Due to its simple, understated lines, mirror Around thrives in just about any interior space. Combined with two more Around mirrors in different sizes, it can be used for putting together a light and airy wall gallery.<\/p>\n<p><strong>Product info:<\/strong><\/p>\n<p>Sizes: \u2205 80 | 70.5 | 59 | 49.5 | 40 cm<\/p>\n<p>Material: solid wood ash, oak or walnut<\/p>","protected":false},"featured_media":4484,"template":"","meta":{"slim_seo":{"title":"Around kru\u017eno ogledalo - Floem","description":"Kru\u017ena forma bez po\u010detka i kraja simboli\u0161e jedinstvo, posve\u0107enost i zajednicu. Inspirisani prirodom i na\u0161om sve ve\u0107om potrebom da joj se ponovo pribli\u017eimo stvor"}},"etheme_brands":[],"product_brand":[],"product_cat":[104],"product_tag":[135],"class_list":{"0":"post-2395","1":"product","2":"type-product","3":"status-publish","4":"has-post-thumbnail","6":"product_cat-aksesoari","7":"product_tag-around","9":"first","10":"instock","11":"shipping-taxable","12":"purchasable","13":"product-type-variable"},"_links":{"self":[{"href":"https:\/\/floem.rs\/en\/wp-json\/wp\/v2\/product\/2395","targetHints":{"allow":["GET"]}}],"collection":[{"href":"https:\/\/floem.rs\/en\/wp-json\/wp\/v2\/product"}],"about":[{"href":"https:\/\/floem.rs\/en\/wp-json\/wp\/v2\/types\/product"}],"version-history":[{"count":3,"href":"https:\/\/floem.rs\/en\/wp-json\/wp\/v2\/product\/2395\/revisions"}],"predecessor-version":[{"id":5330,"href":"https:\/\/floem.rs\/en\/wp-json\/wp\/v2\/product\/2395\/revisions\/5330"}],"wp:featuredmedia":[{"embeddable":true,"href":"https:\/\/floem.rs\/en\/wp-json\/wp\/v2\/media\/4484"}],"wp:attachment":[{"href":"https:\/\/floem.rs\/en\/wp-json\/wp\/v2\/media?parent=2395"}],"wp:term":[{"taxonomy":"brand","embeddable":true,"href":"https:\/\/floem.rs\/en\/wp-json\/wp\/v2\/etheme_brands?post=2395"},{"taxonomy":"product_brand","embeddable":true,"href":"https:\/\/floem.rs\/en\/wp-json\/wp\/v2\/product_brand?post=2395"},{"taxonomy":"product_cat","embeddable":true,"href":"https:\/\/floem.rs\/en\/wp-json\/wp\/v2\/product_cat?post=2395"},{"taxonomy":"product_tag","embeddable":true,"href":"https:\/\/floem.rs\/en\/wp-json\/wp\/v2\/product_tag?post=2395"}],"curies":[{"name":"wp","href":"https:\/\/api.w.org\/{rel}","templated":true}]}}