{"id":2414,"date":"2023-05-13T01:16:59","date_gmt":"2023-05-13T01:16:59","guid":{"rendered":"https:\/\/floem.rs\/?post_type=product&#038;p=2414"},"modified":"2026-02-05T17:59:18","modified_gmt":"2026-02-05T17:59:18","slug":"thina-konzola","status":"publish","type":"product","link":"https:\/\/floem.rs\/en\/prodavnica\/aksesoari\/thina-konzola\/","title":{"rendered":"Thina Console"},"content":{"rendered":"","protected":false},"excerpt":{"rendered":"<p>If you are looking for a functional and elegant piece of furniture for your hallway, foyer, or bedroom, Thina console is the right choice for you. Made from solid oak or walnut, this console is a perfect addition to your home which will both accentuate style and practicality.<\/p>\n<p>Thina console can also be used as a makeup vanity or be a functional addition to a nook in your apartment which you would like to utilise.<\/p>\n<p>Combine the Thina console with Around arched mirror to achieve a perfect aesthetic and functional effect in that space.<\/p>\n<p>By choosing Thina console you will get an exceptionally durable and quality piece of furniture of extraordinary design which will surely catch the eye of your visitors.<\/p>\n<p>The console is available in two standard dimensions:<\/p>\n<p>&#8211; manja dimenzija 800 x 350mm, visina 765mm<\/p>\n<p>&#8211; i ve\u0107a dimenzija 1000 x 350mm, visina 765mm.<\/p>\n<p><strong>Product info:<\/strong><\/p>\n<p>Material: solid oak or walnut<\/p>\n<p>Mechanism: BLUM tandem TIP-ON<\/p>","protected":false},"featured_media":4161,"template":"","meta":{"slim_seo":{"title":"Thina konzola - Floem","description":"Ako tra\u017eite funkcionalan i elegantan komad name\u0161taja za svoj hodnik, predsoblje ili spava\u0107u sobu, onda je Thina konzola savr\u0161en izbor za vas. Izra\u0111ena od punog"}},"etheme_brands":[],"product_brand":[],"product_cat":[104],"product_tag":[128],"class_list":{"0":"post-2414","1":"product","2":"type-product","3":"status-publish","4":"has-post-thumbnail","6":"product_cat-aksesoari","7":"product_tag-thina","9":"first","10":"instock","11":"shipping-taxable","12":"purchasable","13":"product-type-variable"},"_links":{"self":[{"href":"https:\/\/floem.rs\/en\/wp-json\/wp\/v2\/product\/2414","targetHints":{"allow":["GET"]}}],"collection":[{"href":"https:\/\/floem.rs\/en\/wp-json\/wp\/v2\/product"}],"about":[{"href":"https:\/\/floem.rs\/en\/wp-json\/wp\/v2\/types\/product"}],"version-history":[{"count":2,"href":"https:\/\/floem.rs\/en\/wp-json\/wp\/v2\/product\/2414\/revisions"}],"predecessor-version":[{"id":5221,"href":"https:\/\/floem.rs\/en\/wp-json\/wp\/v2\/product\/2414\/revisions\/5221"}],"wp:featuredmedia":[{"embeddable":true,"href":"https:\/\/floem.rs\/en\/wp-json\/wp\/v2\/media\/4161"}],"wp:attachment":[{"href":"https:\/\/floem.rs\/en\/wp-json\/wp\/v2\/media?parent=2414"}],"wp:term":[{"taxonomy":"brand","embeddable":true,"href":"https:\/\/floem.rs\/en\/wp-json\/wp\/v2\/etheme_brands?post=2414"},{"taxonomy":"product_brand","embeddable":true,"href":"https:\/\/floem.rs\/en\/wp-json\/wp\/v2\/product_brand?post=2414"},{"taxonomy":"product_cat","embeddable":true,"href":"https:\/\/floem.rs\/en\/wp-json\/wp\/v2\/product_cat?post=2414"},{"taxonomy":"product_tag","embeddable":true,"href":"https:\/\/floem.rs\/en\/wp-json\/wp\/v2\/product_tag?post=2414"}],"curies":[{"name":"wp","href":"https:\/\/api.w.org\/{rel}","templated":true}]}}