{"id":2507,"date":"2023-05-15T23:11:01","date_gmt":"2023-05-15T23:11:01","guid":{"rendered":"https:\/\/floem.rs\/?post_type=product&#038;p=2507"},"modified":"2026-04-07T12:32:28","modified_gmt":"2026-04-07T12:32:28","slug":"thina-nocni-ormaric","status":"publish","type":"product","link":"https:\/\/floem.rs\/en\/prodavnica\/nocni-ormarici\/thina-nocni-ormaric\/","title":{"rendered":"Thina Nightstand"},"content":{"rendered":"","protected":false},"excerpt":{"rendered":"<p>Thina nightstand is a perfect companion for organising all the trinkets next to your bed.<\/p>\n<p>All your small, but important things such as the book you are currently reading, your glasses, lamp, or other items that you might need first thing in the morning and before going to bed will be at an arm\u2019s reach.<\/p>\n<p>With its practical functionality and design, this piece of furniture will help you prepare for the day ahead and be a perfect addition to your bedroom.<\/p>\n<p>This nightstand, made from solid oak or walnut, offers outstanding durability and longevity, making it the perfect choice for people that appreciate the combination of style and functionality in a single piece.<\/p>\n<p><strong>Product info:<\/strong><\/p>\n<p>&#8211; Dimenzije: \u0160: 40 cm D: 35 cm V: 55 cm<\/p>\n<p>&#8211; Materijal: hrast ili orah<\/p>\n<p>&#8211; Mehanizam: BLUM tandem TIP-ON<\/p>","protected":false},"featured_media":4498,"template":"","meta":{"slim_seo":{"title":"Thina no\u0107ni ormari\u0107 - Floem","description":"Thina no\u0107ni ormari\u0107 bi\u0107e savr\u0161en saputnik za organizovanje svih sitnica tik uz krevet. Sve va\u0161e male, ali va\u017ene stvari poput knjige koju trenutno \u010ditate, nao\u010dar"}},"etheme_brands":[],"product_brand":[],"product_cat":[110],"product_tag":[128],"class_list":{"0":"post-2507","1":"product","2":"type-product","3":"status-publish","4":"has-post-thumbnail","6":"product_cat-nocni-ormarici","7":"product_tag-thina","9":"first","10":"instock","11":"sale","12":"shipping-taxable","13":"purchasable","14":"product-type-variable"},"_links":{"self":[{"href":"https:\/\/floem.rs\/en\/wp-json\/wp\/v2\/product\/2507","targetHints":{"allow":["GET"]}}],"collection":[{"href":"https:\/\/floem.rs\/en\/wp-json\/wp\/v2\/product"}],"about":[{"href":"https:\/\/floem.rs\/en\/wp-json\/wp\/v2\/types\/product"}],"version-history":[{"count":1,"href":"https:\/\/floem.rs\/en\/wp-json\/wp\/v2\/product\/2507\/revisions"}],"predecessor-version":[{"id":5087,"href":"https:\/\/floem.rs\/en\/wp-json\/wp\/v2\/product\/2507\/revisions\/5087"}],"wp:featuredmedia":[{"embeddable":true,"href":"https:\/\/floem.rs\/en\/wp-json\/wp\/v2\/media\/4498"}],"wp:attachment":[{"href":"https:\/\/floem.rs\/en\/wp-json\/wp\/v2\/media?parent=2507"}],"wp:term":[{"taxonomy":"brand","embeddable":true,"href":"https:\/\/floem.rs\/en\/wp-json\/wp\/v2\/etheme_brands?post=2507"},{"taxonomy":"product_brand","embeddable":true,"href":"https:\/\/floem.rs\/en\/wp-json\/wp\/v2\/product_brand?post=2507"},{"taxonomy":"product_cat","embeddable":true,"href":"https:\/\/floem.rs\/en\/wp-json\/wp\/v2\/product_cat?post=2507"},{"taxonomy":"product_tag","embeddable":true,"href":"https:\/\/floem.rs\/en\/wp-json\/wp\/v2\/product_tag?post=2507"}],"curies":[{"name":"wp","href":"https:\/\/api.w.org\/{rel}","templated":true}]}}