{"id":2587,"date":"2023-05-22T06:36:29","date_gmt":"2023-05-22T06:36:29","guid":{"rendered":"https:\/\/floem.rs\/?post_type=product&#038;p=2587"},"modified":"2026-04-07T11:48:38","modified_gmt":"2026-04-07T11:48:38","slug":"val-klupa","status":"publish","type":"product","link":"https:\/\/floem.rs\/en\/prodavnica\/klupe\/val-klupa\/","title":{"rendered":"Val Bench"},"content":{"rendered":"","protected":false},"excerpt":{"rendered":"<p>In addition to being functional, Val bench from the eponymous collection is at the same time a stunning piece of furniture which can be part of a set with Val dining table. It can also perfectly complement your hallway or foot of the bed in your bedroom. Made from high-quality oak or walnut, this designer bench features a unique style with well-known 3D wavy lines and nature-inspired fluid forms. We have paid close attention to its manufacturing, which is reflected in the undeniable quality of workmanship.<\/p>\n<p>Val bench will bring a special touch to any space and catch the eye of any observer.<\/p>\n<p>Dimenzije: \u0160: 146cm D: 40cm V: 44cm<\/p>\n<p>Material: solid wood oak or walnut<\/p>","protected":false},"featured_media":4503,"template":"","meta":{"slim_seo":{"title":"Val klupa - Floem","description":"Val klupa iz istoimene kolekcije je ne samo funkcionalan, ve\u0107 i predivan komad name\u0161taja koji mo\u017ee biti u setu sa Val trpezarijskim stolom, ali se tako\u0111e izuzet"}},"etheme_brands":[],"product_brand":[],"product_cat":[111],"product_tag":[132],"class_list":{"0":"post-2587","1":"product","2":"type-product","3":"status-publish","4":"has-post-thumbnail","6":"product_cat-klupe","7":"product_tag-val","9":"first","10":"instock","11":"shipping-taxable","12":"purchasable","13":"product-type-variable"},"_links":{"self":[{"href":"https:\/\/floem.rs\/en\/wp-json\/wp\/v2\/product\/2587","targetHints":{"allow":["GET"]}}],"collection":[{"href":"https:\/\/floem.rs\/en\/wp-json\/wp\/v2\/product"}],"about":[{"href":"https:\/\/floem.rs\/en\/wp-json\/wp\/v2\/types\/product"}],"version-history":[{"count":1,"href":"https:\/\/floem.rs\/en\/wp-json\/wp\/v2\/product\/2587\/revisions"}],"predecessor-version":[{"id":5064,"href":"https:\/\/floem.rs\/en\/wp-json\/wp\/v2\/product\/2587\/revisions\/5064"}],"wp:featuredmedia":[{"embeddable":true,"href":"https:\/\/floem.rs\/en\/wp-json\/wp\/v2\/media\/4503"}],"wp:attachment":[{"href":"https:\/\/floem.rs\/en\/wp-json\/wp\/v2\/media?parent=2587"}],"wp:term":[{"taxonomy":"brand","embeddable":true,"href":"https:\/\/floem.rs\/en\/wp-json\/wp\/v2\/etheme_brands?post=2587"},{"taxonomy":"product_brand","embeddable":true,"href":"https:\/\/floem.rs\/en\/wp-json\/wp\/v2\/product_brand?post=2587"},{"taxonomy":"product_cat","embeddable":true,"href":"https:\/\/floem.rs\/en\/wp-json\/wp\/v2\/product_cat?post=2587"},{"taxonomy":"product_tag","embeddable":true,"href":"https:\/\/floem.rs\/en\/wp-json\/wp\/v2\/product_tag?post=2587"}],"curies":[{"name":"wp","href":"https:\/\/api.w.org\/{rel}","templated":true}]}}