{"id":2600,"date":"2023-05-22T06:43:00","date_gmt":"2023-05-22T06:43:00","guid":{"rendered":"https:\/\/floem.rs\/?post_type=product&#038;p=2600"},"modified":"2026-02-05T18:25:57","modified_gmt":"2026-02-05T18:25:57","slug":"thina-klupa","status":"publish","type":"product","link":"https:\/\/floem.rs\/en\/prodavnica\/klupe\/thina-klupa\/","title":{"rendered":"Thina Bench"},"content":{"rendered":"","protected":false},"excerpt":{"rendered":"<p>Our Thina collection boasts another exquisite piece \u2013 the Thina bench. This piece of furniture is a perfect choice which will enhance the style of your hallway or bedroom. You can place it at the foot of the bed or use it as a part of the dining set with Thina dining chairs and table.<\/p>\n<p>The bench features a simple and traditional design. It\u2019s made from solid wood and as such it will endure the test of time and help you organise your everyday routine. Thina bench will certainly be a piece of furniture that will not only add to the aesthetic appearance of your home, but also instil functionality and an everlasting quality.<\/p>","protected":false},"featured_media":4497,"template":"","meta":{"slim_seo":{"title":"Thina klupa - Floem","description":"Thina kolekcija se mo\u017ee pohvaliti jo\u0161 jednim izvanrednim komadom \u2013 Thina klupom. Ovaj komad name\u0161taja je idealan izbor za unapre\u0111enje stila va\u0161eg hodnika ili sp"}},"etheme_brands":[],"product_brand":[],"product_cat":[111],"product_tag":[128],"class_list":{"0":"post-2600","1":"product","2":"type-product","3":"status-publish","4":"has-post-thumbnail","6":"product_cat-klupe","7":"product_tag-thina","9":"first","10":"instock","11":"shipping-taxable","12":"purchasable","13":"product-type-variable"},"_links":{"self":[{"href":"https:\/\/floem.rs\/en\/wp-json\/wp\/v2\/product\/2600","targetHints":{"allow":["GET"]}}],"collection":[{"href":"https:\/\/floem.rs\/en\/wp-json\/wp\/v2\/product"}],"about":[{"href":"https:\/\/floem.rs\/en\/wp-json\/wp\/v2\/types\/product"}],"version-history":[{"count":1,"href":"https:\/\/floem.rs\/en\/wp-json\/wp\/v2\/product\/2600\/revisions"}],"predecessor-version":[{"id":5322,"href":"https:\/\/floem.rs\/en\/wp-json\/wp\/v2\/product\/2600\/revisions\/5322"}],"wp:featuredmedia":[{"embeddable":true,"href":"https:\/\/floem.rs\/en\/wp-json\/wp\/v2\/media\/4497"}],"wp:attachment":[{"href":"https:\/\/floem.rs\/en\/wp-json\/wp\/v2\/media?parent=2600"}],"wp:term":[{"taxonomy":"brand","embeddable":true,"href":"https:\/\/floem.rs\/en\/wp-json\/wp\/v2\/etheme_brands?post=2600"},{"taxonomy":"product_brand","embeddable":true,"href":"https:\/\/floem.rs\/en\/wp-json\/wp\/v2\/product_brand?post=2600"},{"taxonomy":"product_cat","embeddable":true,"href":"https:\/\/floem.rs\/en\/wp-json\/wp\/v2\/product_cat?post=2600"},{"taxonomy":"product_tag","embeddable":true,"href":"https:\/\/floem.rs\/en\/wp-json\/wp\/v2\/product_tag?post=2600"}],"curies":[{"name":"wp","href":"https:\/\/api.w.org\/{rel}","templated":true}]}}