{"id":2706,"date":"2023-05-22T07:44:15","date_gmt":"2023-05-22T07:44:15","guid":{"rendered":"https:\/\/floem.rs\/?post_type=product&#038;p=2706"},"modified":"2026-02-10T14:58:39","modified_gmt":"2026-02-10T14:58:39","slug":"val-klub-sto-83cm","status":"publish","type":"product","link":"https:\/\/floem.rs\/en\/prodavnica\/stolovi\/val-klub-sto-83cm\/","title":{"rendered":"Val Coffee Table"},"content":{"rendered":"","protected":false},"excerpt":{"rendered":"<p>If you are looking for a one-of-a-kind coffee table, then this is a perfect choice for you. Its elegance, character and quality of workmanship will make you feel you own a piece like no other. Be bold and opt for the Val coffee table which will certainly be the star of your living room.<\/p>\n<p>Val coffee table can be purchased separately or as a set with the Val end table. <a href=\"https:\/\/floem.rs\/en\/prodavnica\/stolovi\/val-pomocni-sto-39cm\/\">Val pomo\u0107nim sto\u010di\u0107em<\/a>.<\/p>\n<p><strong>Product info:<\/strong><\/p>\n<p>Sizes: \u2205 83 cm H: 35.5 cm<\/p>\n<p>Material: solid wood oak or walnut<\/p>","protected":false},"featured_media":4502,"template":"","meta":{"slim_seo":{"title":"Val klub sto \u220583cm - Floem","description":"Ukoliko tra\u017eite klub sto koji \u0107e biti neponovljiv i jedinstven, Val klub sto je pravi izbor za vas. Uz njegovu eleganciju, karakter i kvalitet izrade, ose\u0107aj \u0107e"}},"etheme_brands":[],"product_brand":[],"product_cat":[53],"product_tag":[132],"class_list":{"0":"post-2706","1":"product","2":"type-product","3":"status-publish","4":"has-post-thumbnail","6":"product_cat-stolovi","7":"product_tag-val","9":"first","10":"instock","11":"shipping-taxable","12":"purchasable","13":"product-type-variable"},"_links":{"self":[{"href":"https:\/\/floem.rs\/en\/wp-json\/wp\/v2\/product\/2706","targetHints":{"allow":["GET"]}}],"collection":[{"href":"https:\/\/floem.rs\/en\/wp-json\/wp\/v2\/product"}],"about":[{"href":"https:\/\/floem.rs\/en\/wp-json\/wp\/v2\/types\/product"}],"version-history":[{"count":2,"href":"https:\/\/floem.rs\/en\/wp-json\/wp\/v2\/product\/2706\/revisions"}],"predecessor-version":[{"id":5197,"href":"https:\/\/floem.rs\/en\/wp-json\/wp\/v2\/product\/2706\/revisions\/5197"}],"wp:featuredmedia":[{"embeddable":true,"href":"https:\/\/floem.rs\/en\/wp-json\/wp\/v2\/media\/4502"}],"wp:attachment":[{"href":"https:\/\/floem.rs\/en\/wp-json\/wp\/v2\/media?parent=2706"}],"wp:term":[{"taxonomy":"brand","embeddable":true,"href":"https:\/\/floem.rs\/en\/wp-json\/wp\/v2\/etheme_brands?post=2706"},{"taxonomy":"product_brand","embeddable":true,"href":"https:\/\/floem.rs\/en\/wp-json\/wp\/v2\/product_brand?post=2706"},{"taxonomy":"product_cat","embeddable":true,"href":"https:\/\/floem.rs\/en\/wp-json\/wp\/v2\/product_cat?post=2706"},{"taxonomy":"product_tag","embeddable":true,"href":"https:\/\/floem.rs\/en\/wp-json\/wp\/v2\/product_tag?post=2706"}],"curies":[{"name":"wp","href":"https:\/\/api.w.org\/{rel}","templated":true}]}}