{"id":2726,"date":"2023-05-22T07:52:23","date_gmt":"2023-05-22T07:52:23","guid":{"rendered":"https:\/\/floem.rs\/?post_type=product&#038;p=2726"},"modified":"2026-04-07T12:32:23","modified_gmt":"2026-04-07T12:32:23","slug":"val-pomocni-sto-43cm","status":"publish","type":"product","link":"https:\/\/floem.rs\/en\/prodavnica\/stolovi\/val-pomocni-sto-43cm\/","title":{"rendered":"Val pomo\u0107ni sto \u220543cm"},"content":{"rendered":"","protected":false},"excerpt":{"rendered":"<p>Val side table befits any space, whether you place it next to an armchair or sofa, in the hallway or office.<\/p>\n<p>Its modern and minimalistic design will make this small item a favourite in your interior.<\/p>\n<p>You can buy it separately or as a set with the Val club table. <a href=\"https:\/\/floem.rs\/en\/prodavnica\/stolovi\/val-klub-sto-83cm\/\">Val klub stolom<\/a> ili nezavisno.<\/p>\n<p><strong>Product info:<\/strong><\/p>\n<p>Dimenzije: \u2205 43 cm V: 42 cm<\/p>\n<p>Material: solid wood oak or walnut<\/p>","protected":false},"featured_media":4482,"template":"","meta":{"slim_seo":{"title":"Val pomo\u0107ni sto \u220543cm - Floem","description":"Val pomo\u0107ni sto\u010di\u0107 odgovara svakom okru\u017eenju; pored fotelje ili sofe, u hodniku ili kancelariji. Svojim modernim i minimalisti\u010dkim izgledom, ova mala stvar \u0107e p"}},"etheme_brands":[],"product_brand":[],"product_cat":[53],"product_tag":[132],"class_list":{"0":"post-2726","1":"product","2":"type-product","3":"status-publish","4":"has-post-thumbnail","6":"product_cat-stolovi","7":"product_tag-val","9":"first","10":"instock","11":"shipping-taxable","12":"purchasable","13":"product-type-variable"},"_links":{"self":[{"href":"https:\/\/floem.rs\/en\/wp-json\/wp\/v2\/product\/2726","targetHints":{"allow":["GET"]}}],"collection":[{"href":"https:\/\/floem.rs\/en\/wp-json\/wp\/v2\/product"}],"about":[{"href":"https:\/\/floem.rs\/en\/wp-json\/wp\/v2\/types\/product"}],"version-history":[{"count":1,"href":"https:\/\/floem.rs\/en\/wp-json\/wp\/v2\/product\/2726\/revisions"}],"predecessor-version":[{"id":5167,"href":"https:\/\/floem.rs\/en\/wp-json\/wp\/v2\/product\/2726\/revisions\/5167"}],"wp:featuredmedia":[{"embeddable":true,"href":"https:\/\/floem.rs\/en\/wp-json\/wp\/v2\/media\/4482"}],"wp:attachment":[{"href":"https:\/\/floem.rs\/en\/wp-json\/wp\/v2\/media?parent=2726"}],"wp:term":[{"taxonomy":"brand","embeddable":true,"href":"https:\/\/floem.rs\/en\/wp-json\/wp\/v2\/etheme_brands?post=2726"},{"taxonomy":"product_brand","embeddable":true,"href":"https:\/\/floem.rs\/en\/wp-json\/wp\/v2\/product_brand?post=2726"},{"taxonomy":"product_cat","embeddable":true,"href":"https:\/\/floem.rs\/en\/wp-json\/wp\/v2\/product_cat?post=2726"},{"taxonomy":"product_tag","embeddable":true,"href":"https:\/\/floem.rs\/en\/wp-json\/wp\/v2\/product_tag?post=2726"}],"curies":[{"name":"wp","href":"https:\/\/api.w.org\/{rel}","templated":true}]}}