{"id":2843,"date":"2023-05-22T08:45:50","date_gmt":"2023-05-22T08:45:50","guid":{"rendered":"https:\/\/floem.rs\/?post_type=product&#038;p=2843"},"modified":"2026-02-04T14:53:06","modified_gmt":"2026-02-04T14:53:06","slug":"orbita-stolica","status":"publish","type":"product","link":"https:\/\/floem.rs\/en\/prodavnica\/stolice\/orbita-stolica\/","title":{"rendered":"Orbita dining chair"},"content":{"rendered":"","protected":false},"excerpt":{"rendered":"<p>Sleek and sophisticated, the Orbita dining chair brings together the mid-century design and the modern sensibility. A lovechild of engineering and art, Orbita encompasses a soft, organic backrest together with the ergonomic geometry form.<\/p>\n<p>The Orbita dining chair and the Amalgamate dining table are a match made in heaven. However, characterised by superior comfortability and a modern expression, the Orbita chair is often used as a standalone piece.<\/p>\n<p>Product info:<\/p>\n<p>Sizes: W: 52 cm D: 52.5 cm H: 77 cm<\/p>\n<p>Material: solid wood ash, oak or walnut<\/p>\n<p>Seat options: fabric A, B \/ leather<\/p>","protected":false},"featured_media":4494,"template":"","meta":{"slim_seo":{"title":"Orbita stolica - Floem","description":"Lagana i skladna trpezarijska stolica Orbita donosi spoj mid-century klasike i savremenog dizajna. Istra\u017euju\u0107i mogu\u0107nosti dizajna i tehnologije nastaje naslon o"}},"etheme_brands":[],"product_brand":[],"product_cat":[117],"product_tag":[131,133],"class_list":{"0":"post-2843","1":"product","2":"type-product","3":"status-publish","4":"has-post-thumbnail","6":"product_cat-stolice","7":"product_tag-amalgamate","8":"product_tag-orbita","10":"first","11":"instock","12":"shipping-taxable","13":"purchasable","14":"product-type-variable"},"_links":{"self":[{"href":"https:\/\/floem.rs\/en\/wp-json\/wp\/v2\/product\/2843","targetHints":{"allow":["GET"]}}],"collection":[{"href":"https:\/\/floem.rs\/en\/wp-json\/wp\/v2\/product"}],"about":[{"href":"https:\/\/floem.rs\/en\/wp-json\/wp\/v2\/types\/product"}],"version-history":[{"count":1,"href":"https:\/\/floem.rs\/en\/wp-json\/wp\/v2\/product\/2843\/revisions"}],"predecessor-version":[{"id":5320,"href":"https:\/\/floem.rs\/en\/wp-json\/wp\/v2\/product\/2843\/revisions\/5320"}],"wp:featuredmedia":[{"embeddable":true,"href":"https:\/\/floem.rs\/en\/wp-json\/wp\/v2\/media\/4494"}],"wp:attachment":[{"href":"https:\/\/floem.rs\/en\/wp-json\/wp\/v2\/media?parent=2843"}],"wp:term":[{"taxonomy":"brand","embeddable":true,"href":"https:\/\/floem.rs\/en\/wp-json\/wp\/v2\/etheme_brands?post=2843"},{"taxonomy":"product_brand","embeddable":true,"href":"https:\/\/floem.rs\/en\/wp-json\/wp\/v2\/product_brand?post=2843"},{"taxonomy":"product_cat","embeddable":true,"href":"https:\/\/floem.rs\/en\/wp-json\/wp\/v2\/product_cat?post=2843"},{"taxonomy":"product_tag","embeddable":true,"href":"https:\/\/floem.rs\/en\/wp-json\/wp\/v2\/product_tag?post=2843"}],"curies":[{"name":"wp","href":"https:\/\/api.w.org\/{rel}","templated":true}]}}