{"id":3060,"date":"2023-05-22T09:59:15","date_gmt":"2023-05-22T09:59:15","guid":{"rendered":"https:\/\/floem.rs\/?post_type=product&#038;p=3060"},"modified":"2026-02-05T17:35:58","modified_gmt":"2026-02-05T17:35:58","slug":"amalgamate-trpezarijski-sto-kruzni","status":"publish","type":"product","link":"https:\/\/floem.rs\/en\/prodavnica\/stolovi\/amalgamate-trpezarijski-sto-kruzni\/","title":{"rendered":"Amalgamate Dining Table Round"},"content":{"rendered":"","protected":false},"excerpt":{"rendered":"<p>Nothing brings us together like a shared meal. With our Amalgamate dining table, you\u2019ll be able to carve out a comfy dining nook for up to five people in even the smallest of spaces.<\/p>\n<p>The Amalgamate\u2019s distinctive silhouette with a round table top on a four angled frame is designed for gatherings of family and friends. The solid oak wood base promises decades of loving service by becoming part of the family.<\/p>\n<p>The Amalgamate dining table is one of the key pieces of the Scandi collection. To give your dining space some serious style points, combine it with our Orbita dining chair.<\/p>\n<p><strong>Product info:<\/strong><\/p>\n<p>Sizes: \u2205 90 | 100 | 110 | 118 | 125 cm H: 74,5 cm<\/p>\n<p>Material: solid wood ash, oak or walnut<\/p>","protected":false},"featured_media":4144,"template":"","meta":{"slim_seo":{"title":"Amalgamate trpezarijski sto kru\u017eni - Floem","description":"Mesto susreta, baza i uto\u010di\u0161te, trpezarijski sto oduvek je bio centralna ta\u010dka svakog doma. Zahvaljuju\u0107i plo\u010di okruglog oblika i specijalno dizajniranom postolj"}},"etheme_brands":[],"product_brand":[],"product_cat":[53],"product_tag":[131,133],"class_list":{"0":"post-3060","1":"product","2":"type-product","3":"status-publish","4":"has-post-thumbnail","6":"product_cat-stolovi","7":"product_tag-amalgamate","8":"product_tag-orbita","10":"first","11":"instock","12":"shipping-taxable","13":"purchasable","14":"product-type-variable"},"_links":{"self":[{"href":"https:\/\/floem.rs\/en\/wp-json\/wp\/v2\/product\/3060","targetHints":{"allow":["GET"]}}],"collection":[{"href":"https:\/\/floem.rs\/en\/wp-json\/wp\/v2\/product"}],"about":[{"href":"https:\/\/floem.rs\/en\/wp-json\/wp\/v2\/types\/product"}],"version-history":[{"count":1,"href":"https:\/\/floem.rs\/en\/wp-json\/wp\/v2\/product\/3060\/revisions"}],"predecessor-version":[{"id":5207,"href":"https:\/\/floem.rs\/en\/wp-json\/wp\/v2\/product\/3060\/revisions\/5207"}],"wp:featuredmedia":[{"embeddable":true,"href":"https:\/\/floem.rs\/en\/wp-json\/wp\/v2\/media\/4144"}],"wp:attachment":[{"href":"https:\/\/floem.rs\/en\/wp-json\/wp\/v2\/media?parent=3060"}],"wp:term":[{"taxonomy":"brand","embeddable":true,"href":"https:\/\/floem.rs\/en\/wp-json\/wp\/v2\/etheme_brands?post=3060"},{"taxonomy":"product_brand","embeddable":true,"href":"https:\/\/floem.rs\/en\/wp-json\/wp\/v2\/product_brand?post=3060"},{"taxonomy":"product_cat","embeddable":true,"href":"https:\/\/floem.rs\/en\/wp-json\/wp\/v2\/product_cat?post=3060"},{"taxonomy":"product_tag","embeddable":true,"href":"https:\/\/floem.rs\/en\/wp-json\/wp\/v2\/product_tag?post=3060"}],"curies":[{"name":"wp","href":"https:\/\/api.w.org\/{rel}","templated":true}]}}