{"id":3104,"date":"2023-05-22T10:05:18","date_gmt":"2023-05-22T10:05:18","guid":{"rendered":"https:\/\/floem.rs\/?post_type=product&#038;p=3104"},"modified":"2026-04-07T11:39:55","modified_gmt":"2026-04-07T11:39:55","slug":"flow-m-tabure","status":"publish","type":"product","link":"https:\/\/floem.rs\/en\/prodavnica\/taburei-za-fotelje\/flow-m-tabure\/","title":{"rendered":"Flow-m Footstool"},"content":{"rendered":"","protected":false},"excerpt":{"rendered":"<p>Flow-m lounge chair and ottoman are a perfect blend of modern technology and mid-century Scandinavian minimalism. The sophisticated design and top-notch quality of this piece of furniture will appeal even to the finest of tastes.<\/p>\n<p>Each piece is carefully handmade by combining traditional and modern technologies of wood processing and tufting, contributing to its unique design aesthetics.<\/p>\n<p>The lounge chair and ottoman can be purchased as a set or separately, enabling you to adapt them to your own needs and taste. This unique piece of furniture is where comfort, quality, and design meet, making your home a perfect living space.<\/p>\n<p><strong>Product info:<\/strong><\/p>\n<p>Sizes: W: 50 cm D: 45 cm H: 39 cm<\/p>\n<p>Material: Frame: solid oak or walnut<\/p>\n<p>Upholstery: fabric A, B \/ leather<\/p>","protected":false},"featured_media":4488,"template":"","meta":{"slim_seo":{"title":"Flow-m tabure - Floem","description":"Flow-m fotelja i tabure predstavljaju savr\u0161en spoj minimalisti\u010dkog skandinavskog dizajna iz sredine pro\u0161log veka i moderne tehnologije. Ovaj dizajnerski komad n"}},"etheme_brands":[],"product_brand":[],"product_cat":[121],"product_tag":[137],"class_list":{"0":"post-3104","1":"product","2":"type-product","3":"status-publish","4":"has-post-thumbnail","6":"product_cat-taburei-za-fotelje","7":"product_tag-flow-m","9":"first","10":"instock","11":"shipping-taxable","12":"purchasable","13":"product-type-variable"},"_links":{"self":[{"href":"https:\/\/floem.rs\/en\/wp-json\/wp\/v2\/product\/3104","targetHints":{"allow":["GET"]}}],"collection":[{"href":"https:\/\/floem.rs\/en\/wp-json\/wp\/v2\/product"}],"about":[{"href":"https:\/\/floem.rs\/en\/wp-json\/wp\/v2\/types\/product"}],"version-history":[{"count":1,"href":"https:\/\/floem.rs\/en\/wp-json\/wp\/v2\/product\/3104\/revisions"}],"predecessor-version":[{"id":5317,"href":"https:\/\/floem.rs\/en\/wp-json\/wp\/v2\/product\/3104\/revisions\/5317"}],"wp:featuredmedia":[{"embeddable":true,"href":"https:\/\/floem.rs\/en\/wp-json\/wp\/v2\/media\/4488"}],"wp:attachment":[{"href":"https:\/\/floem.rs\/en\/wp-json\/wp\/v2\/media?parent=3104"}],"wp:term":[{"taxonomy":"brand","embeddable":true,"href":"https:\/\/floem.rs\/en\/wp-json\/wp\/v2\/etheme_brands?post=3104"},{"taxonomy":"product_brand","embeddable":true,"href":"https:\/\/floem.rs\/en\/wp-json\/wp\/v2\/product_brand?post=3104"},{"taxonomy":"product_cat","embeddable":true,"href":"https:\/\/floem.rs\/en\/wp-json\/wp\/v2\/product_cat?post=3104"},{"taxonomy":"product_tag","embeddable":true,"href":"https:\/\/floem.rs\/en\/wp-json\/wp\/v2\/product_tag?post=3104"}],"curies":[{"name":"wp","href":"https:\/\/api.w.org\/{rel}","templated":true}]}}