{"id":3226,"date":"2023-05-22T10:50:01","date_gmt":"2023-05-22T10:50:01","guid":{"rendered":"https:\/\/floem.rs\/?post_type=product&#038;p=3226"},"modified":"2026-05-05T15:59:27","modified_gmt":"2026-05-05T15:59:27","slug":"thina-tv-komoda","status":"publish","type":"product","link":"https:\/\/floem.rs\/en\/prodavnica\/komode\/thina-tv-komoda\/","title":{"rendered":"Thina TV stand"},"content":{"rendered":"","protected":false},"excerpt":{"rendered":"<p>Thina collection comprises a low TV stand featuring a simple and clean design made from impeccably processed solid oak or walnut. This piece is a perfect solution for anyone who wants to enhance their minimalistic living room by adding an elegant piece of furniture made from solid wood which will also serve to discretely conceal all TV cables and cords.<\/p>\n<p>This piece of furniture, which includes two spacious drawers equipped with tip-on mechanism, will enable practical and functional organisation of your TV and other electronic devices.<\/p>\n<p><strong>Product info:<\/strong><\/p>\n<p>Sizes: W: 160 | 180 | 200 cm D: 40 cm H: 46 cm<\/p>\n<p>Material: solid oak or walnut<\/p>\n<p>Mechanism: BLUM tandem TIP-ON<\/p>","protected":false},"featured_media":4511,"template":"","meta":{"slim_seo":{"title":"Thina tv komoda - Floem","description":"Thina kolekcija sadr\u017ei nisku TV komodu koja je jednostavnog i \u010distog dizajna, izra\u0111ena od besprekorno obra\u0111enog punog drveta hrasta ili oraha. Ovaj komad name\u0161t"}},"etheme_brands":[],"product_brand":[],"product_cat":[52],"product_tag":[128],"class_list":{"0":"post-3226","1":"product","2":"type-product","3":"status-publish","4":"has-post-thumbnail","6":"product_cat-komode","7":"product_tag-thina","9":"first","10":"instock","11":"sale","12":"shipping-taxable","13":"purchasable","14":"product-type-variable"},"_links":{"self":[{"href":"https:\/\/floem.rs\/en\/wp-json\/wp\/v2\/product\/3226","targetHints":{"allow":["GET"]}}],"collection":[{"href":"https:\/\/floem.rs\/en\/wp-json\/wp\/v2\/product"}],"about":[{"href":"https:\/\/floem.rs\/en\/wp-json\/wp\/v2\/types\/product"}],"version-history":[{"count":2,"href":"https:\/\/floem.rs\/en\/wp-json\/wp\/v2\/product\/3226\/revisions"}],"predecessor-version":[{"id":5313,"href":"https:\/\/floem.rs\/en\/wp-json\/wp\/v2\/product\/3226\/revisions\/5313"}],"wp:featuredmedia":[{"embeddable":true,"href":"https:\/\/floem.rs\/en\/wp-json\/wp\/v2\/media\/4511"}],"wp:attachment":[{"href":"https:\/\/floem.rs\/en\/wp-json\/wp\/v2\/media?parent=3226"}],"wp:term":[{"taxonomy":"brand","embeddable":true,"href":"https:\/\/floem.rs\/en\/wp-json\/wp\/v2\/etheme_brands?post=3226"},{"taxonomy":"product_brand","embeddable":true,"href":"https:\/\/floem.rs\/en\/wp-json\/wp\/v2\/product_brand?post=3226"},{"taxonomy":"product_cat","embeddable":true,"href":"https:\/\/floem.rs\/en\/wp-json\/wp\/v2\/product_cat?post=3226"},{"taxonomy":"product_tag","embeddable":true,"href":"https:\/\/floem.rs\/en\/wp-json\/wp\/v2\/product_tag?post=3226"}],"curies":[{"name":"wp","href":"https:\/\/api.w.org\/{rel}","templated":true}]}}