{"id":3250,"date":"2023-05-22T10:56:02","date_gmt":"2023-05-22T10:56:02","guid":{"rendered":"https:\/\/floem.rs\/?post_type=product&#038;p=3250"},"modified":"2026-03-21T12:14:58","modified_gmt":"2026-03-21T12:14:58","slug":"mirrora-komoda","status":"publish","type":"product","link":"https:\/\/floem.rs\/en\/prodavnica\/komode\/mirrora-komoda\/","title":{"rendered":"Mirrora TV stand"},"content":{"rendered":"","protected":false},"excerpt":{"rendered":"<p>The embodiment of the Mid century style and a profound love of the modern Scandinavian interior decorating, the Mirrora TV stand uses traditional values to build for the future.<\/p>\n<p>Veran je partner komodi Tetra sa kojom slavi maksimu &#8211; Mid century for the new century.<\/p>\n<p>Due to its generous storage space and decorative appeal, the Mirrora TV stand is often used in modern living rooms, offices, spacious hallways and bedrooms.<\/p>\n<p><strong>Product info:<\/strong><\/p>\n<p>Sizes: W: 160 | 180 | 200 cm D: 40 cm H: 57 cm<\/p>\n<p>Material: Corpus: MDF (Medium-density fibreboard ), RAL color, matte Fronts and legs: solid oak or walnut<\/p>\n<p>Mechanism: BLUM tandem TIP-ON<\/p>","protected":false},"featured_media":4489,"template":"","meta":{"slim_seo":{"title":"Mirrora komoda - Floem","description":"Upe\u010datljiv spoj mid century stila i neizmerne ljubavi prema modernom skandinavskom ure\u0111enju enterijera, TV komoda Mirrora izbor je onih koji na \u010dvrstim temeljim"}},"etheme_brands":[],"product_brand":[],"product_cat":[52],"product_tag":[127,126],"class_list":{"0":"post-3250","1":"product","2":"type-product","3":"status-publish","4":"has-post-thumbnail","6":"product_cat-komode","7":"product_tag-mirrora","8":"product_tag-tetra","10":"first","11":"instock","12":"shipping-taxable","13":"purchasable","14":"product-type-variable"},"_links":{"self":[{"href":"https:\/\/floem.rs\/en\/wp-json\/wp\/v2\/product\/3250","targetHints":{"allow":["GET"]}}],"collection":[{"href":"https:\/\/floem.rs\/en\/wp-json\/wp\/v2\/product"}],"about":[{"href":"https:\/\/floem.rs\/en\/wp-json\/wp\/v2\/types\/product"}],"version-history":[{"count":1,"href":"https:\/\/floem.rs\/en\/wp-json\/wp\/v2\/product\/3250\/revisions"}],"predecessor-version":[{"id":5060,"href":"https:\/\/floem.rs\/en\/wp-json\/wp\/v2\/product\/3250\/revisions\/5060"}],"wp:featuredmedia":[{"embeddable":true,"href":"https:\/\/floem.rs\/en\/wp-json\/wp\/v2\/media\/4489"}],"wp:attachment":[{"href":"https:\/\/floem.rs\/en\/wp-json\/wp\/v2\/media?parent=3250"}],"wp:term":[{"taxonomy":"brand","embeddable":true,"href":"https:\/\/floem.rs\/en\/wp-json\/wp\/v2\/etheme_brands?post=3250"},{"taxonomy":"product_brand","embeddable":true,"href":"https:\/\/floem.rs\/en\/wp-json\/wp\/v2\/product_brand?post=3250"},{"taxonomy":"product_cat","embeddable":true,"href":"https:\/\/floem.rs\/en\/wp-json\/wp\/v2\/product_cat?post=3250"},{"taxonomy":"product_tag","embeddable":true,"href":"https:\/\/floem.rs\/en\/wp-json\/wp\/v2\/product_tag?post=3250"}],"curies":[{"name":"wp","href":"https:\/\/api.w.org\/{rel}","templated":true}]}}