{"id":3267,"date":"2023-05-22T11:12:35","date_gmt":"2023-05-22T11:12:35","guid":{"rendered":"https:\/\/floem.rs\/?post_type=product&#038;p=3267"},"modified":"2026-03-21T12:14:59","modified_gmt":"2026-03-21T12:14:59","slug":"tetra-komoda","status":"publish","type":"product","link":"https:\/\/floem.rs\/en\/prodavnica\/komode\/tetra-komoda\/","title":{"rendered":"Cabinet Tetra"},"content":{"rendered":"","protected":false},"excerpt":{"rendered":"<p>Komodu Tetra najbolje opisuje re\u010denica &#8211; Mid-century for the new century. Svedena geometrijska forma korpusa i kose nogare doprinose op\u0161tem retro utisku, dok jak akcenat na tehnologiji i dizajnu frontovima ove komode daje savremeni izgled. Mo\u0107an je saveznik prostorima koji su u potrazi za sna\u017enim, ali suptilnim akcentnim komadom name\u0161taja koji miluje oko i \u010dini da se ose\u0107amo sigurno i opu\u0161teno.<\/p>\n<p><strong>Product info:<\/strong><\/p>\n<p>Sizes: W: 80 cm D: 40 cm H: 95 cm<\/p>\n<p>Material: Corpus: MDF (Medium-density fibreboard ), RAL color, matte Fronts and legs: solid oak or walnut<\/p>\n<p>Mechanism: BLUM tandem TIP-ON<\/p>","protected":false},"featured_media":4479,"template":"","meta":{"slim_seo":{"title":"Tetra komoda - Floem","description":"Komodu Tetra najbolje opisuje re\u010denica - Mid-century for the new century. Svedena geometrijska forma korpusa i kose nogare doprinose op\u0161tem retro utisku, dok ja"}},"etheme_brands":[],"product_brand":[],"product_cat":[52],"product_tag":[127,126],"class_list":{"0":"post-3267","1":"product","2":"type-product","3":"status-publish","4":"has-post-thumbnail","6":"product_cat-komode","7":"product_tag-mirrora","8":"product_tag-tetra","10":"first","11":"instock","12":"shipping-taxable","13":"purchasable","14":"product-type-variable"},"_links":{"self":[{"href":"https:\/\/floem.rs\/en\/wp-json\/wp\/v2\/product\/3267","targetHints":{"allow":["GET"]}}],"collection":[{"href":"https:\/\/floem.rs\/en\/wp-json\/wp\/v2\/product"}],"about":[{"href":"https:\/\/floem.rs\/en\/wp-json\/wp\/v2\/types\/product"}],"version-history":[{"count":1,"href":"https:\/\/floem.rs\/en\/wp-json\/wp\/v2\/product\/3267\/revisions"}],"predecessor-version":[{"id":5059,"href":"https:\/\/floem.rs\/en\/wp-json\/wp\/v2\/product\/3267\/revisions\/5059"}],"wp:featuredmedia":[{"embeddable":true,"href":"https:\/\/floem.rs\/en\/wp-json\/wp\/v2\/media\/4479"}],"wp:attachment":[{"href":"https:\/\/floem.rs\/en\/wp-json\/wp\/v2\/media?parent=3267"}],"wp:term":[{"taxonomy":"brand","embeddable":true,"href":"https:\/\/floem.rs\/en\/wp-json\/wp\/v2\/etheme_brands?post=3267"},{"taxonomy":"product_brand","embeddable":true,"href":"https:\/\/floem.rs\/en\/wp-json\/wp\/v2\/product_brand?post=3267"},{"taxonomy":"product_cat","embeddable":true,"href":"https:\/\/floem.rs\/en\/wp-json\/wp\/v2\/product_cat?post=3267"},{"taxonomy":"product_tag","embeddable":true,"href":"https:\/\/floem.rs\/en\/wp-json\/wp\/v2\/product_tag?post=3267"}],"curies":[{"name":"wp","href":"https:\/\/api.w.org\/{rel}","templated":true}]}}