{"id":3274,"date":"2023-05-22T11:17:57","date_gmt":"2023-05-22T11:17:57","guid":{"rendered":"https:\/\/floem.rs\/?post_type=product&#038;p=3274"},"modified":"2026-03-21T12:14:58","modified_gmt":"2026-03-21T12:14:58","slug":"droppin-tv-komoda","status":"publish","type":"product","link":"https:\/\/floem.rs\/en\/prodavnica\/komode\/droppin-tv-komoda\/","title":{"rendered":"Droppin TV stand"},"content":{"rendered":"","protected":false},"excerpt":{"rendered":"<p>With our ever increasing reliance on digital technologies and screens, we find ourselves seeking experiences that go beyond aesthetics. Combining mid-century heritage and innovative wood engineering processes, the Droppin cabinet taps into the sensual world and celebrates texture and tactility as epitomes of the modern interior design.<\/p>\n<p>Kap u okeanu ili okean u kapi &#8211; motiv 3D koncentri\u010dnih kru\u017enica koje simbolizuju dodir kapi i povr\u0161ine vode \u010dini da se ose\u0107amo opu\u0161tenije i slu\u017ei kao stalni podsetnik na zna\u010daj i efemernost sada\u0161njeg trenutka.<\/p>\n<p><strong>Product info:<\/strong><\/p>\n<p>Sizes: W: 160 | 180 | 200 cm D: 40 cm H: 57 cm<\/p>\n<p>Material: Corpus: MDF (Medium-density fibreboard ), RAL color, matte Fronts and legs: solid oak or walnut<\/p>\n<p>Mechanism: BLUM tandem TIP-ON<\/p>","protected":false},"featured_media":4486,"template":"","meta":{"slim_seo":{"title":"Droppin tv komoda - Floem","description":"Izlo\u017eenost ekranima i digitalnim tehnologijama donosi rastu\u0107u potrebu za iskustvima koja nisu striktno vizuelne prirode. Kombinuju\u0107i mid-century nasle\u0111e i tehno"}},"etheme_brands":[],"product_brand":[],"product_cat":[52],"product_tag":[125],"class_list":{"0":"post-3274","1":"product","2":"type-product","3":"status-publish","4":"has-post-thumbnail","6":"product_cat-komode","7":"product_tag-droppin","9":"first","10":"instock","11":"sale","12":"shipping-taxable","13":"purchasable","14":"product-type-variable"},"_links":{"self":[{"href":"https:\/\/floem.rs\/en\/wp-json\/wp\/v2\/product\/3274","targetHints":{"allow":["GET"]}}],"collection":[{"href":"https:\/\/floem.rs\/en\/wp-json\/wp\/v2\/product"}],"about":[{"href":"https:\/\/floem.rs\/en\/wp-json\/wp\/v2\/types\/product"}],"version-history":[{"count":1,"href":"https:\/\/floem.rs\/en\/wp-json\/wp\/v2\/product\/3274\/revisions"}],"predecessor-version":[{"id":5058,"href":"https:\/\/floem.rs\/en\/wp-json\/wp\/v2\/product\/3274\/revisions\/5058"}],"wp:featuredmedia":[{"embeddable":true,"href":"https:\/\/floem.rs\/en\/wp-json\/wp\/v2\/media\/4486"}],"wp:attachment":[{"href":"https:\/\/floem.rs\/en\/wp-json\/wp\/v2\/media?parent=3274"}],"wp:term":[{"taxonomy":"brand","embeddable":true,"href":"https:\/\/floem.rs\/en\/wp-json\/wp\/v2\/etheme_brands?post=3274"},{"taxonomy":"product_brand","embeddable":true,"href":"https:\/\/floem.rs\/en\/wp-json\/wp\/v2\/product_brand?post=3274"},{"taxonomy":"product_cat","embeddable":true,"href":"https:\/\/floem.rs\/en\/wp-json\/wp\/v2\/product_cat?post=3274"},{"taxonomy":"product_tag","embeddable":true,"href":"https:\/\/floem.rs\/en\/wp-json\/wp\/v2\/product_tag?post=3274"}],"curies":[{"name":"wp","href":"https:\/\/api.w.org\/{rel}","templated":true}]}}