{"id":3789,"date":"2024-07-01T20:09:14","date_gmt":"2024-07-01T20:09:14","guid":{"rendered":"https:\/\/floem.rs\/?post_type=product&#038;p=3789"},"modified":"2026-04-07T12:29:42","modified_gmt":"2026-04-07T12:29:42","slug":"val-krevet","status":"publish","type":"product","link":"https:\/\/floem.rs\/en\/prodavnica\/kreveti-i-duseci\/val-krevet\/","title":{"rendered":"Val Bed"},"content":{"rendered":"","protected":false},"excerpt":{"rendered":"<p>Val krevet, kao deo istoimene kolekcije, isti\u010de se po svom taktilnom i vizuelnom efektu. Ovaj pa\u017eljivo dizajniran komad name\u0161taja kombinuje estetiku i funkcionalnost, posebno se obra\u0107aju\u0107i ljubiteljima dizajna i punog drveta.<\/p>\n<p>Proizvodi se u standardnim dimenzijama 90x200cm, 120x200cm, 140x200cm, 160x200cm, 180x200cm i 200x200cm, a sve ostale vanstandardne dimenzije su dostupne na upit.<\/p>\n<p><strong>Product info:<\/strong><\/p>\n<p>Sizes: W: 108 | 138 | 158 | 178 | 198 | 218 cm L: 207 cm H: 106.5 cm<\/p>\n<p>Material: solid wood ash, oak or walnut<\/p>","protected":false},"featured_media":3786,"template":"","meta":{"slim_seo":{"title":"Val krevet - Floem","description":"Informacije o proizvodu: Dimenzije:\u00a0\u0160: 108 | 138 | 158 | 178 | 198 | 218 cm D: 207 cm V: 106.5 cm Materijal: puno drvo jasen, hrast ili orah"}},"etheme_brands":[],"product_brand":[],"product_cat":[162],"product_tag":[163,132],"class_list":{"0":"post-3789","1":"product","2":"type-product","3":"status-publish","4":"has-post-thumbnail","6":"product_cat-kreveti-i-duseci","7":"product_tag-krevet","8":"product_tag-val","10":"first","11":"instock","12":"sale","13":"shipping-taxable","14":"purchasable","15":"product-type-variable"},"_links":{"self":[{"href":"https:\/\/floem.rs\/en\/wp-json\/wp\/v2\/product\/3789","targetHints":{"allow":["GET"]}}],"collection":[{"href":"https:\/\/floem.rs\/en\/wp-json\/wp\/v2\/product"}],"about":[{"href":"https:\/\/floem.rs\/en\/wp-json\/wp\/v2\/types\/product"}],"version-history":[{"count":2,"href":"https:\/\/floem.rs\/en\/wp-json\/wp\/v2\/product\/3789\/revisions"}],"predecessor-version":[{"id":5152,"href":"https:\/\/floem.rs\/en\/wp-json\/wp\/v2\/product\/3789\/revisions\/5152"}],"wp:featuredmedia":[{"embeddable":true,"href":"https:\/\/floem.rs\/en\/wp-json\/wp\/v2\/media\/3786"}],"wp:attachment":[{"href":"https:\/\/floem.rs\/en\/wp-json\/wp\/v2\/media?parent=3789"}],"wp:term":[{"taxonomy":"brand","embeddable":true,"href":"https:\/\/floem.rs\/en\/wp-json\/wp\/v2\/etheme_brands?post=3789"},{"taxonomy":"product_brand","embeddable":true,"href":"https:\/\/floem.rs\/en\/wp-json\/wp\/v2\/product_brand?post=3789"},{"taxonomy":"product_cat","embeddable":true,"href":"https:\/\/floem.rs\/en\/wp-json\/wp\/v2\/product_cat?post=3789"},{"taxonomy":"product_tag","embeddable":true,"href":"https:\/\/floem.rs\/en\/wp-json\/wp\/v2\/product_tag?post=3789"}],"curies":[{"name":"wp","href":"https:\/\/api.w.org\/{rel}","templated":true}]}}