{"id":3837,"date":"2024-07-02T11:58:39","date_gmt":"2024-07-02T11:58:39","guid":{"rendered":"https:\/\/floem.rs\/?post_type=product&#038;p=3837"},"modified":"2026-04-07T11:31:42","modified_gmt":"2026-04-07T11:31:42","slug":"nest-krevet","status":"publish","type":"product","link":"https:\/\/floem.rs\/en\/prodavnica\/kreveti-i-duseci\/nest-krevet\/","title":{"rendered":"Nest Bed"},"content":{"rendered":"","protected":false},"excerpt":{"rendered":"<p>Crafted from solid wood, the Nest bed will delight anyone seeking the perfect combination of strength and aesthetics. With its robust yet gentle design, this bed is not just a place to sleep \u2013 it is the nest of your bedroom.<\/p>\n<p>Proizvodi se u standardnim dimenzijama 90x200cm, 120x200cm, 140x200cm, 160x200cm, 180x200cm i 200x200cm, a sve ostale vanstandardne dimenzije su dostupne na upit.<\/p>\n<p><strong>Product info:<\/strong><\/p>\n<p>Sizes: W: 96 | 126 | 146 | 166 | 186 | 206 cm L: 209 cm H: 86 cm<\/p>\n<p>Material: solid wood ash, oak or walnut<\/p>\n<p>&nbsp;<\/p>","protected":false},"featured_media":3838,"template":"","meta":{"slim_seo":{"title":"Nest krevet - Floem","description":"Nest krevet izra\u0111en od punog drveta, obradova\u0107e svakoga ko tra\u017ei savr\u0161enu kombinaciju \u010dvrstine i estetike. On je gnezdo va\u0161e spava\u0107e sobe."}},"etheme_brands":[],"product_brand":[],"product_cat":[162],"product_tag":[163,164],"class_list":{"0":"post-3837","1":"product","2":"type-product","3":"status-publish","4":"has-post-thumbnail","6":"product_cat-kreveti-i-duseci","7":"product_tag-krevet","8":"product_tag-nest","10":"first","11":"instock","12":"sale","13":"shipping-taxable","14":"purchasable","15":"product-type-variable"},"_links":{"self":[{"href":"https:\/\/floem.rs\/en\/wp-json\/wp\/v2\/product\/3837","targetHints":{"allow":["GET"]}}],"collection":[{"href":"https:\/\/floem.rs\/en\/wp-json\/wp\/v2\/product"}],"about":[{"href":"https:\/\/floem.rs\/en\/wp-json\/wp\/v2\/types\/product"}],"version-history":[{"count":1,"href":"https:\/\/floem.rs\/en\/wp-json\/wp\/v2\/product\/3837\/revisions"}],"predecessor-version":[{"id":5077,"href":"https:\/\/floem.rs\/en\/wp-json\/wp\/v2\/product\/3837\/revisions\/5077"}],"wp:featuredmedia":[{"embeddable":true,"href":"https:\/\/floem.rs\/en\/wp-json\/wp\/v2\/media\/3838"}],"wp:attachment":[{"href":"https:\/\/floem.rs\/en\/wp-json\/wp\/v2\/media?parent=3837"}],"wp:term":[{"taxonomy":"brand","embeddable":true,"href":"https:\/\/floem.rs\/en\/wp-json\/wp\/v2\/etheme_brands?post=3837"},{"taxonomy":"product_brand","embeddable":true,"href":"https:\/\/floem.rs\/en\/wp-json\/wp\/v2\/product_brand?post=3837"},{"taxonomy":"product_cat","embeddable":true,"href":"https:\/\/floem.rs\/en\/wp-json\/wp\/v2\/product_cat?post=3837"},{"taxonomy":"product_tag","embeddable":true,"href":"https:\/\/floem.rs\/en\/wp-json\/wp\/v2\/product_tag?post=3837"}],"curies":[{"name":"wp","href":"https:\/\/api.w.org\/{rel}","templated":true}]}}