{"id":3923,"date":"2024-07-02T14:17:25","date_gmt":"2024-07-02T14:17:25","guid":{"rendered":"https:\/\/floem.rs\/?post_type=product&#038;p=3923"},"modified":"2026-01-30T16:31:16","modified_gmt":"2026-01-30T16:31:16","slug":"circles-set-klub-stolova","status":"publish","type":"product","link":"https:\/\/floem.rs\/en\/prodavnica\/stolovi\/circles-set-klub-stolova\/","title":{"rendered":"Circles Coffee Table Set"},"content":{"rendered":"","protected":false},"excerpt":{"rendered":"<p>Tenderness, calm and protection inspired the birth of this refined minimalist duo. The Circles set calls for conversation and encourages closeness in modern interiors by making room for mindfulness and acceptance.<\/p>\n<p>The Circles is an ideal fit for anyone who appreciates the natural beauty of solid wood and prioritises flexibility in home decorating.<\/p>\n<p>Different coffee table sizes and types of wood available upon request.<\/p>\n<p><strong>Product info:<\/strong><\/p>\n<p>Sizes: 52cm, visina 44cm; 67cm, visina 38cm<\/p>\n<p>Material: solid wood ash, oak or walnut<\/p>","protected":false},"featured_media":3930,"template":"","meta":{"slim_seo":{"title":"Circles set klub stolova - Floem","description":"Kao \u0161to im i ime ka\u017ee,\u00a0Circles\u00a0klub sto\u010di\u0107i pozivaju na razgovor i podsti\u010du bliskost daju\u0107i meko\u0107u i fluidnost svakom modernom domu."}},"etheme_brands":[],"product_brand":[],"product_cat":[53],"product_tag":[167,165,166],"class_list":{"0":"post-3923","1":"product","2":"type-product","3":"status-publish","4":"has-post-thumbnail","6":"product_cat-stolovi","7":"product_tag-circles","8":"product_tag-klub-sto","9":"product_tag-sto","11":"first","12":"instock","13":"shipping-taxable","14":"purchasable","15":"product-type-variable"},"_links":{"self":[{"href":"https:\/\/floem.rs\/en\/wp-json\/wp\/v2\/product\/3923","targetHints":{"allow":["GET"]}}],"collection":[{"href":"https:\/\/floem.rs\/en\/wp-json\/wp\/v2\/product"}],"about":[{"href":"https:\/\/floem.rs\/en\/wp-json\/wp\/v2\/types\/product"}],"version-history":[{"count":1,"href":"https:\/\/floem.rs\/en\/wp-json\/wp\/v2\/product\/3923\/revisions"}],"predecessor-version":[{"id":5163,"href":"https:\/\/floem.rs\/en\/wp-json\/wp\/v2\/product\/3923\/revisions\/5163"}],"wp:featuredmedia":[{"embeddable":true,"href":"https:\/\/floem.rs\/en\/wp-json\/wp\/v2\/media\/3930"}],"wp:attachment":[{"href":"https:\/\/floem.rs\/en\/wp-json\/wp\/v2\/media?parent=3923"}],"wp:term":[{"taxonomy":"brand","embeddable":true,"href":"https:\/\/floem.rs\/en\/wp-json\/wp\/v2\/etheme_brands?post=3923"},{"taxonomy":"product_brand","embeddable":true,"href":"https:\/\/floem.rs\/en\/wp-json\/wp\/v2\/product_brand?post=3923"},{"taxonomy":"product_cat","embeddable":true,"href":"https:\/\/floem.rs\/en\/wp-json\/wp\/v2\/product_cat?post=3923"},{"taxonomy":"product_tag","embeddable":true,"href":"https:\/\/floem.rs\/en\/wp-json\/wp\/v2\/product_tag?post=3923"}],"curies":[{"name":"wp","href":"https:\/\/api.w.org\/{rel}","templated":true}]}}