{"id":3962,"date":"2024-07-02T14:53:26","date_gmt":"2024-07-02T14:53:26","guid":{"rendered":"https:\/\/floem.rs\/?post_type=product&#038;p=3962"},"modified":"2026-04-07T11:49:01","modified_gmt":"2026-04-07T11:49:01","slug":"val-tv-komoda","status":"publish","type":"product","link":"https:\/\/floem.rs\/en\/prodavnica\/komode\/val-tv-komoda\/","title":{"rendered":"Val TV stand"},"content":{"rendered":"","protected":false},"excerpt":{"rendered":"<p>In a world where digital experiences prevail, the Val tv stand brings us back to basics, emphasizing the importance of authentic, physical experiences that engage our senses. Carefully designed, this dresser combines the warmth of natural wood with the functionality of contemporary design. The Val tv stand is available in multiple variations, crafted entirely from solid wood or a combination of materials such as solid wood and painted MDF, allowing you to find the perfect piece that reflects your personal style and space needs.<\/p>\n<p><strong>Product info:<\/strong><\/p>\n<p>Sizes: W: 160 | 180 | 200 cm D: 45 cm H: 42.5 cm<\/p>\n<p>Material: solid wood ash, oak or walnut<\/p>","protected":false},"featured_media":3963,"template":"","meta":{"slim_seo":{"title":"Val tv komoda - Floem","description":"U svetu gde su digitalni do\u017eivljaji sveprisutni, Val tv komoda nas vra\u0107a korenima, nagla\u0161avaju\u0107i va\u017enost autenti\u010dnih, fizi\u010dkih iskustava koja anga\u017euju na\u0161a \u010dula"}},"etheme_brands":[],"product_brand":[],"product_cat":[52],"product_tag":[168,170,132],"class_list":{"0":"post-3962","1":"product","2":"type-product","3":"status-publish","4":"has-post-thumbnail","6":"product_cat-komode","7":"product_tag-komoda","8":"product_tag-tv-komoda","9":"product_tag-val","11":"first","12":"instock","13":"sale","14":"shipping-taxable","15":"purchasable","16":"product-type-variable"},"_links":{"self":[{"href":"https:\/\/floem.rs\/en\/wp-json\/wp\/v2\/product\/3962","targetHints":{"allow":["GET"]}}],"collection":[{"href":"https:\/\/floem.rs\/en\/wp-json\/wp\/v2\/product"}],"about":[{"href":"https:\/\/floem.rs\/en\/wp-json\/wp\/v2\/types\/product"}],"version-history":[{"count":2,"href":"https:\/\/floem.rs\/en\/wp-json\/wp\/v2\/product\/3962\/revisions"}],"predecessor-version":[{"id":5327,"href":"https:\/\/floem.rs\/en\/wp-json\/wp\/v2\/product\/3962\/revisions\/5327"}],"wp:featuredmedia":[{"embeddable":true,"href":"https:\/\/floem.rs\/en\/wp-json\/wp\/v2\/media\/3963"}],"wp:attachment":[{"href":"https:\/\/floem.rs\/en\/wp-json\/wp\/v2\/media?parent=3962"}],"wp:term":[{"taxonomy":"brand","embeddable":true,"href":"https:\/\/floem.rs\/en\/wp-json\/wp\/v2\/etheme_brands?post=3962"},{"taxonomy":"product_brand","embeddable":true,"href":"https:\/\/floem.rs\/en\/wp-json\/wp\/v2\/product_brand?post=3962"},{"taxonomy":"product_cat","embeddable":true,"href":"https:\/\/floem.rs\/en\/wp-json\/wp\/v2\/product_cat?post=3962"},{"taxonomy":"product_tag","embeddable":true,"href":"https:\/\/floem.rs\/en\/wp-json\/wp\/v2\/product_tag?post=3962"}],"curies":[{"name":"wp","href":"https:\/\/api.w.org\/{rel}","templated":true}]}}