{"id":4064,"date":"2024-07-02T17:21:17","date_gmt":"2024-07-02T17:21:17","guid":{"rendered":"https:\/\/floem.rs\/?post_type=product&#038;p=4064"},"modified":"2026-01-30T16:29:21","modified_gmt":"2026-01-30T16:29:21","slug":"twigs-civiluk","status":"publish","type":"product","link":"https:\/\/floem.rs\/en\/prodavnica\/aksesoari\/twigs-civiluk\/","title":{"rendered":"Twigs \u010diviluk"},"content":{"rendered":"","protected":false},"excerpt":{"rendered":"<p>Zbog svog autenti\u010dnog ekolo\u0161kog dizajna od punog drveta, \u010diviluk\u00a0Twigs\u00a0izbor je onih koji, pored visoke funkcionalnosti i elegancije, prilikom odabira name\u0161taja akcenat stavljaju i na bezbednost i odr\u017eivost.<\/p>\n<p>Izra\u0111en od najkvalitetnijeg hrastovog drveta i za\u0161ti\u0107en prirodnim uljem u dva sloja, \u010diviluk\u00a0Twigs\u00a0idealan je za kori\u0161\u0107enje kako u domovima tako i u komercijalnim prostorima, dok beskompromisan kvalitet izrade i univerzalan minimalisti\u010dki dizajn garantuju decenije i decenije kori\u0161\u0107enja.<\/p>\n<p><strong>Product info:<\/strong><\/p>\n<p>Dimenzije: V: 186 cm \u0160: 56 cm<\/p>\n<p>Materijal: puno drvo hrast<\/p>","protected":false},"featured_media":4477,"template":"","meta":{"slim_seo":{"title":"Twigs \u010diviluk - Floem","description":"Izra\u0111en od najkvalitetnijeg hrastovog drveta i za\u0161ti\u0107en prirodnim uljem, Twigs je\u00a0idealan za kori\u0161\u0107enje kako u domovima tako i u komercijalnim prostorima."}},"etheme_brands":[],"product_brand":[],"product_cat":[104],"product_tag":[179,180],"class_list":{"0":"post-4064","1":"product","2":"type-product","3":"status-publish","4":"has-post-thumbnail","6":"product_cat-aksesoari","7":"product_tag-civiluk","8":"product_tag-twigs","10":"first","11":"instock","12":"shipping-taxable","13":"purchasable","14":"product-type-simple"},"_links":{"self":[{"href":"https:\/\/floem.rs\/en\/wp-json\/wp\/v2\/product\/4064","targetHints":{"allow":["GET"]}}],"collection":[{"href":"https:\/\/floem.rs\/en\/wp-json\/wp\/v2\/product"}],"about":[{"href":"https:\/\/floem.rs\/en\/wp-json\/wp\/v2\/types\/product"}],"version-history":[{"count":2,"href":"https:\/\/floem.rs\/en\/wp-json\/wp\/v2\/product\/4064\/revisions"}],"predecessor-version":[{"id":5245,"href":"https:\/\/floem.rs\/en\/wp-json\/wp\/v2\/product\/4064\/revisions\/5245"}],"wp:featuredmedia":[{"embeddable":true,"href":"https:\/\/floem.rs\/en\/wp-json\/wp\/v2\/media\/4477"}],"wp:attachment":[{"href":"https:\/\/floem.rs\/en\/wp-json\/wp\/v2\/media?parent=4064"}],"wp:term":[{"taxonomy":"brand","embeddable":true,"href":"https:\/\/floem.rs\/en\/wp-json\/wp\/v2\/etheme_brands?post=4064"},{"taxonomy":"product_brand","embeddable":true,"href":"https:\/\/floem.rs\/en\/wp-json\/wp\/v2\/product_brand?post=4064"},{"taxonomy":"product_cat","embeddable":true,"href":"https:\/\/floem.rs\/en\/wp-json\/wp\/v2\/product_cat?post=4064"},{"taxonomy":"product_tag","embeddable":true,"href":"https:\/\/floem.rs\/en\/wp-json\/wp\/v2\/product_tag?post=4064"}],"curies":[{"name":"wp","href":"https:\/\/api.w.org\/{rel}","templated":true}]}}