{"id":4448,"date":"2024-07-04T10:00:15","date_gmt":"2024-07-04T10:00:15","guid":{"rendered":"https:\/\/floem.rs\/?post_type=product&#038;p=4448"},"modified":"2026-03-01T11:28:17","modified_gmt":"2026-03-01T11:28:17","slug":"massaggio-deluxe-dusek","status":"publish","type":"product","link":"https:\/\/floem.rs\/en\/prodavnica\/kreveti-i-duseci\/massaggio-deluxe-dusek\/","title":{"rendered":"Deluxe Massage Mattress"},"content":{"rendered":"<p>Advantages:<\/p>\n<ul>\n<li>Stimulates circulation and provides continuous massage throughout the night<\/li>\n<li>3D fabric for 3 times better airflow through the mattress, enhancing mattress freshness<\/li>\n<li>Memoform soft layer that adapts to each user's body type<\/li>\n<li>Elioform core with high density provides orthopedic support to the spine, suitable for individuals in development.<a href=\"https:\/\/floem.rs\/wp-content\/uploads\/2024\/07\/Massaggio-Deluxe-dusek-3.jpg\"><img loading=\"lazy\" decoding=\"async\" class=\"alignnone size-medium wp-image-4451\" src=\"https:\/\/floem.rs\/wp-content\/uploads\/2024\/07\/Massaggio-Deluxe-dusek-3-300x133.jpg\" alt=\"Massaggio Deluxe Dusek 3\" width=\"300\" height=\"133\" srcset=\"https:\/\/floem.rs\/wp-content\/uploads\/2024\/07\/Massaggio-Deluxe-dusek-3-300x133.jpg 300w, https:\/\/floem.rs\/wp-content\/uploads\/2024\/07\/Massaggio-Deluxe-dusek-3-1024x453.jpg 1024w, https:\/\/floem.rs\/wp-content\/uploads\/2024\/07\/Massaggio-Deluxe-dusek-3-768x340.jpg 768w, https:\/\/floem.rs\/wp-content\/uploads\/2024\/07\/Massaggio-Deluxe-dusek-3-1536x679.jpg 1536w, https:\/\/floem.rs\/wp-content\/uploads\/2024\/07\/Massaggio-Deluxe-dusek-3-2048x906.jpg 2048w, https:\/\/floem.rs\/wp-content\/uploads\/2024\/07\/Massaggio-Deluxe-dusek-3-18x8.jpg 18w, https:\/\/floem.rs\/wp-content\/uploads\/2024\/07\/Massaggio-Deluxe-dusek-3-1000x442.jpg 1000w, https:\/\/floem.rs\/wp-content\/uploads\/2024\/07\/Massaggio-Deluxe-dusek-3-6x4.jpg 6w, https:\/\/floem.rs\/wp-content\/uploads\/2024\/07\/Massaggio-Deluxe-dusek-3-10x4.jpg 10w\" sizes=\"auto, (max-width: 300px) 100vw, 300px\" \/><\/a>\n<ul>\n<li><strong>A<\/strong> Antibacterial Cover<\/li>\n<\/ul>\n<p>The viscose cover is soft and breathable. Silky to the touch and effective in moisture removal.<\/p>\n<ul>\n<li><strong>B<\/strong> Comfort The inner layer of Memoform soft foam provides comfort, adapting perfectly to every user's body type.<\/li>\n<li><strong>C<\/strong> Elioform Core The high-density Elioform core provides orthopedic support to the spine, suitable for individuals in development.<\/li>\n<\/ul>\n<\/li>\n<\/ul>","protected":false},"excerpt":{"rendered":"<p>The Deluxe Massage Mattress provides rejuvenating massage throughout the night, thanks to its massaging surface and medium-firm comfort level.<\/p>\n<p>The massage effect promotes microcirculation and delivers constant massage during rest, offering a sense of well-being and comfort throughout the night. Ideal for those who spend long hours sitting in the same position during the day.<\/p>\n<p>This innovative design offers perfect support for all parts of the body, distributing and balancing body weight along the entire mattress, creating conditions for peaceful sleep and rest after a hard day.<\/p>\n<p>The mattress core is made of a 19cm high elastic Elioform foam, which provides stable support to the body during sleep. The core is surrounded by layers of memory foam that support the body and provide comfort throughout the night. Weight is evenly distributed on the 5 main touch points between the body and the mattress \u2013 head, shoulders, back, legs, and ankles, ensuring proper posture and support.<\/p>\n<p>The mattress fabric is hypoallergenic and antibacterial, made of high-quality viscose, soft to the touch, and breathable, preventing moisture retention. The cover has profiled memory foam and a zipper for maximum ease of maintenance.<\/p>\n<p>The Massaggio Deluxe mattress model can also be custom made to your specifications if not available in the standard offer. Custom-made mattresses are available for dimensions wider than 120cm.<\/p>\n<p>It is recommended for individuals with higher body weight and those who work office jobs involving prolonged sitting.<\/p>\n<p>Height: 25cm<\/p>\n<p>100 YEARS WARRANTY<\/p>","protected":false},"featured_media":4506,"template":"","meta":{"slim_seo":{"title":"Massaggio Deluxe du\u0161ek - Floem","description":"Massaggio Deluxe pru\u017ea regeneri\u0161u\u0107u masa\u017eu tokom cele no\u0107i zahvaljuju\u0107i podlozi sa masiraju\u0107im delovanjem i srednje tvrdim nivoom komfora. Efekat masa\u017ee podsti\u010d"}},"etheme_brands":[],"product_brand":[],"product_cat":[162],"product_tag":[],"class_list":{"0":"post-4448","1":"product","2":"type-product","3":"status-publish","4":"has-post-thumbnail","6":"product_cat-kreveti-i-duseci","8":"first","9":"instock","10":"shipping-taxable","11":"purchasable","12":"product-type-variable"},"_links":{"self":[{"href":"https:\/\/floem.rs\/en\/wp-json\/wp\/v2\/product\/4448","targetHints":{"allow":["GET"]}}],"collection":[{"href":"https:\/\/floem.rs\/en\/wp-json\/wp\/v2\/product"}],"about":[{"href":"https:\/\/floem.rs\/en\/wp-json\/wp\/v2\/types\/product"}],"version-history":[{"count":1,"href":"https:\/\/floem.rs\/en\/wp-json\/wp\/v2\/product\/4448\/revisions"}],"predecessor-version":[{"id":5084,"href":"https:\/\/floem.rs\/en\/wp-json\/wp\/v2\/product\/4448\/revisions\/5084"}],"wp:featuredmedia":[{"embeddable":true,"href":"https:\/\/floem.rs\/en\/wp-json\/wp\/v2\/media\/4506"}],"wp:attachment":[{"href":"https:\/\/floem.rs\/en\/wp-json\/wp\/v2\/media?parent=4448"}],"wp:term":[{"taxonomy":"brand","embeddable":true,"href":"https:\/\/floem.rs\/en\/wp-json\/wp\/v2\/etheme_brands?post=4448"},{"taxonomy":"product_brand","embeddable":true,"href":"https:\/\/floem.rs\/en\/wp-json\/wp\/v2\/product_brand?post=4448"},{"taxonomy":"product_cat","embeddable":true,"href":"https:\/\/floem.rs\/en\/wp-json\/wp\/v2\/product_cat?post=4448"},{"taxonomy":"product_tag","embeddable":true,"href":"https:\/\/floem.rs\/en\/wp-json\/wp\/v2\/product_tag?post=4448"}],"curies":[{"name":"wp","href":"https:\/\/api.w.org\/{rel}","templated":true}]}}