{"id":5097,"date":"2025-04-11T22:39:03","date_gmt":"2025-04-11T22:39:03","guid":{"rendered":"https:\/\/floem.rs\/?post_type=product&#038;p=5097"},"modified":"2026-05-05T13:17:59","modified_gmt":"2026-05-05T13:17:59","slug":"dolce-vita-dusek","status":"publish","type":"product","link":"https:\/\/floem.rs\/en\/prodavnica\/kreveti-i-duseci\/dolce-vita-dusek\/","title":{"rendered":"Dolce Vita du\u0161ek"},"content":{"rendered":"<p>Advantages:<\/p>\n<ul>\n<li style=\"list-style-type: none;\">\n<ul>\n<li>Navlaka od viskoze sa OUTLAST\u00ae tehnologijom za regulisanje telesne temperature<\/li>\n<li>Dual Core tehnologija se sastoji od dva jezgra unutar du\u0161eka koji omogu\u0107ava dva razli\u010dita nivoa trvdo\u0107e, posebno za svaku stranu du\u0161eka<\/li>\n<li>Memoform pena kojom je du\u0161ek ispunjen, prilago\u0111ava se obliku tela i omogu\u0107ava dodatnu udobnost<\/li>\n<li>Najprodavaniji Magniflex du\u0161ek na tr\u017ei\u0161tu<a href=\"https:\/\/floem.rs\/wp-content\/uploads\/2025\/04\/photo-2025-04-12-00-17-41.jpg\"><br \/>\n<img loading=\"lazy\" decoding=\"async\" class=\"alignnone size-medium wp-image-4451\" src=\"https:\/\/floem.rs\/wp-content\/uploads\/2025\/04\/photo-2025-04-12-00-17-41.jpg\" alt=\"Dolce Vita dusek\" width=\"300\" height=\"133\" \/><br \/>\n<\/a><\/p>\n<ul>\n<li><strong>A<\/strong> Navlaka<\/li>\n<\/ul>\n<p>Navlaka je napravljena od viskoze sa OUTLAST\u00ae tehnologijom za regulisanje telesne temperature, koja pomo\u0107u prirodnog voska omogu\u0107ava optimalnu temperaturu tela za idealan san tokom cele no\u0107i.<\/p>\n<ul>\n<li style=\"list-style-type: none;\">\n<ul>\n<li><strong>B<\/strong> Magnifoam punjenje<\/li>\n<\/ul>\n<\/li>\n<\/ul>\n<p>Memorijska pena kojom je du\u0161ek ispunjen omogu\u0107ava prijatan ose\u0107aj lako\u0107e zbog sposobnosti prilago\u0111avanja obliku tela. Hipoalergijska vlakna ispunjavaju jastuk pru\u017eaju\u0107i dodatni ose\u0107aj udobnosti i stvaraju\u0107i antialergijski sloj.<\/li>\n<li><strong>C<\/strong> Nivo udobnosti<\/li>\n<\/ul>\n<\/li>\n<\/ul>\n<p>Dual Core tehnologija predstavlja dva jezgra unutar du\u0161eka, tako da nudi mogu\u0107nost izbora izme\u0111u srednje tvrde i srednje meke strane. Potrebno je da okrenete jezgro i dobi\u0107ete udobnost kakvu \u017eelite pove\u0107anu sa 5cm Memoform sloja.<\/p>\n<ul>\n<li><strong>D<\/strong> Jezgro<\/li>\n<\/ul>\n<p>&nbsp;<\/p>\n<p>Za idealnu podr\u0161ku va\u0161oj ki\u010dmi tu je Eliosoft sloj od 17cm sa visokom gustinom mikro\u0107elijske strukture.<\/p>\n<p>Visina du\u0161eka je 25cm.<\/p>","protected":false},"excerpt":{"rendered":"<p>Dolce Vita je najprodavaniji Magniflex du\u0161ek na tr\u017ei\u0161tu. Italijanski na\u010din \u017eivota inspirisao je dizajniranje ovog du\u0161eka. Predstavlja pravi izbor za sve osobe koje imaju problem sa temperaturnim razlikama, prevrtanjem i bu\u0111enjem tokom no\u0107i i nepravilnim polo\u017eajem tela.<br \/>\nZa mirne no\u0107i i zdrav san ovaj du\u0161ek donosi optimalnu telesnu temperaturu i odr\u017eava je idealnom tokom cele no\u0107i. Probudite se naspavani i spremni za novi dan.<br \/>\nDolce Vita du\u0161ek je idealan za parove koji imaju razli\u010dite \u017eelje kada je udobnost u pitanju. Nema potrebe da kupujete dva odvojena du\u0161eka, samo okrenite jezgro ovog du\u0161eka i lezite na mekanu, odnosno \u010dvrstu stranu. Samo jedna no\u0107 provedena na ovom du\u0161eku je dovoljna da se uvide njegove karakteristike koje ga \u010dine najprodavanijim Magniflex du\u0161ekom na tr\u017ei\u0161tu.<br \/>\nModel du\u0161eka Dolce Vita mo\u017eemo izraditi i po meri koja vam je potrebna a nije u osnovnoj ponudi. Izrada du\u0161eka po meri je mogu\u0107a za dimenzije \u0161ire od 120cm (Dual Core tehnologija se izra\u0111uje po meri u dimenzijama \u0161irim od 150cm).<\/p>","protected":false},"featured_media":5103,"template":"","meta":{"slim_seo":{"title":"Dolce Vita du\u0161ek - Floem","description":"Dolce Vita je najprodavaniji Magniflex du\u0161ek na tr\u017ei\u0161tu. Italijanski na\u010din \u017eivota inspirisao je dizajniranje ovog du\u0161eka. Predstavlja pravi izbor za sve osobe k"}},"etheme_brands":[],"product_brand":[],"product_cat":[162],"product_tag":[],"class_list":{"0":"post-5097","1":"product","2":"type-product","3":"status-publish","4":"has-post-thumbnail","6":"product_cat-kreveti-i-duseci","8":"first","9":"instock","10":"sale","11":"shipping-taxable","12":"purchasable","13":"product-type-variable"},"_links":{"self":[{"href":"https:\/\/floem.rs\/en\/wp-json\/wp\/v2\/product\/5097","targetHints":{"allow":["GET"]}}],"collection":[{"href":"https:\/\/floem.rs\/en\/wp-json\/wp\/v2\/product"}],"about":[{"href":"https:\/\/floem.rs\/en\/wp-json\/wp\/v2\/types\/product"}],"version-history":[{"count":6,"href":"https:\/\/floem.rs\/en\/wp-json\/wp\/v2\/product\/5097\/revisions"}],"predecessor-version":[{"id":5170,"href":"https:\/\/floem.rs\/en\/wp-json\/wp\/v2\/product\/5097\/revisions\/5170"}],"wp:featuredmedia":[{"embeddable":true,"href":"https:\/\/floem.rs\/en\/wp-json\/wp\/v2\/media\/5103"}],"wp:attachment":[{"href":"https:\/\/floem.rs\/en\/wp-json\/wp\/v2\/media?parent=5097"}],"wp:term":[{"taxonomy":"brand","embeddable":true,"href":"https:\/\/floem.rs\/en\/wp-json\/wp\/v2\/etheme_brands?post=5097"},{"taxonomy":"product_brand","embeddable":true,"href":"https:\/\/floem.rs\/en\/wp-json\/wp\/v2\/product_brand?post=5097"},{"taxonomy":"product_cat","embeddable":true,"href":"https:\/\/floem.rs\/en\/wp-json\/wp\/v2\/product_cat?post=5097"},{"taxonomy":"product_tag","embeddable":true,"href":"https:\/\/floem.rs\/en\/wp-json\/wp\/v2\/product_tag?post=5097"}],"curies":[{"name":"wp","href":"https:\/\/api.w.org\/{rel}","templated":true}]}}